{"id":985,"date":"2019-01-11T15:57:04","date_gmt":"2019-01-11T14:57:04","guid":{"rendered":"https:\/\/ravetto-associes.fr\/accueil\/"},"modified":"2019-07-16T15:28:30","modified_gmt":"2019-07-16T13:28:30","slug":"accueil","status":"publish","type":"page","link":"https:\/\/ravetto-associes.fr\/de\/","title":{"rendered":"Homepage"},"content":{"rendered":"","protected":false},"excerpt":{"rendered":"","protected":false},"author":1,"featured_media":0,"parent":0,"menu_order":0,"comment_status":"closed","ping_status":"closed","template":"page-templates\/homepage-template.php","meta":{"_acf_changed":false,"footnotes":""},"acf":[],"yoast_head":"<!-- This site is optimized with the Yoast SEO plugin v22.9 - https:\/\/yoast.com\/wordpress\/plugins\/seo\/ -->\n<title>Homepage - Ravetto Associ\u00e9s | Avocats \u00e0 la Cour<\/title>\n<meta name=\"description\" content=\"Le cabinet Ravetto Associ\u00e9s est le partenaire des acteurs priv\u00e9s et publics dans le domaine de l\u2019\u00e9nergie (\u00e9lectricit\u00e9, gaz, chaleur).\" \/>\n<meta name=\"robots\" content=\"index, follow, max-snippet:-1, max-image-preview:large, max-video-preview:-1\" \/>\n<link rel=\"canonical\" href=\"https:\/\/ravetto-associes.fr\/de\/accueil\/\" \/>\n<meta property=\"og:locale\" content=\"de_DE\" \/>\n<meta property=\"og:type\" content=\"article\" \/>\n<meta property=\"og:title\" content=\"Accueil - Ravetto Associ\u00e9s | Avocats \u00e0 la Cour\" \/>\n<meta property=\"og:description\" content=\"Le cabinet Ravetto Associ\u00e9s est le partenaire des acteurs priv\u00e9s et publics dans le domaine de l&#039;\u00e9nergie (\u00e9lectricit\u00e9, gaz, chaleur).\" \/>\n<meta property=\"og:url\" content=\"https:\/\/ravetto-associes.fr\/de\/accueil\/\" \/>\n<meta property=\"og:site_name\" content=\"Ravetto Associ\u00e9s | Avocats \u00e0 la Cour\" \/>\n<meta property=\"article:modified_time\" content=\"2019-07-16T13:28:30+00:00\" \/>\n<meta property=\"og:image\" content=\"https:\/\/ravetto-associes.fr\/wp-content\/uploads\/2019\/01\/home-hero.jpg\" \/>\n\t<meta property=\"og:image:width\" content=\"1920\" \/>\n\t<meta property=\"og:image:height\" content=\"980\" \/>\n\t<meta property=\"og:image:type\" content=\"image\/jpeg\" \/>\n<meta name=\"twitter:card\" content=\"summary_large_image\" \/>\n<meta name=\"twitter:title\" content=\"Accueil - Ravetto Associ\u00e9s | Avocats \u00e0 la Cour\" \/>\n<meta name=\"twitter:description\" content=\"Le cabinet Ravetto Associ\u00e9s est le partenaire des acteurs priv\u00e9s et publics dans le domaine de l&#039;\u00e9nergie (\u00e9lectricit\u00e9, gaz, chaleur).\" \/>\n<meta name=\"twitter:image\" content=\"https:\/\/ravetto-associes.fr\/wp-content\/uploads\/2019\/01\/home-hero.jpg\" \/>\n<script type=\"application\/ld+json\" class=\"yoast-schema-graph\">{\"@context\":\"https:\/\/schema.org\",\"@graph\":[{\"@type\":\"WebPage\",\"@id\":\"https:\/\/ravetto-associes.fr\/de\/accueil\/\",\"url\":\"https:\/\/ravetto-associes.fr\/de\/accueil\/\",\"name\":\"Homepage - Ravetto Associ\u00e9s | Avocats \u00e0 la Cour\",\"isPartOf\":{\"@id\":\"https:\/\/ravetto-associes.fr\/#website\"},\"datePublished\":\"2019-01-11T14:57:04+00:00\",\"dateModified\":\"2019-07-16T13:28:30+00:00\",\"description\":\"Le cabinet Ravetto Associ\u00e9s est le partenaire des acteurs priv\u00e9s et publics dans le domaine de l\u2019\u00e9nergie (\u00e9lectricit\u00e9, gaz, chaleur).\",\"breadcrumb\":{\"@id\":\"https:\/\/ravetto-associes.fr\/de\/accueil\/#breadcrumb\"},\"inLanguage\":\"de\",\"potentialAction\":[{\"@type\":\"ReadAction\",\"target\":[\"https:\/\/ravetto-associes.fr\/de\/accueil\/\"]}]},{\"@type\":\"BreadcrumbList\",\"@id\":\"https:\/\/ravetto-associes.fr\/de\/accueil\/#breadcrumb\",\"itemListElement\":[{\"@type\":\"ListItem\",\"position\":1,\"name\":\"Accueil\",\"item\":\"https:\/\/ravetto-associes.fr\/de\/accueil\/\"},{\"@type\":\"ListItem\",\"position\":2,\"name\":\"Homepage\"}]},{\"@type\":\"WebSite\",\"@id\":\"https:\/\/ravetto-associes.fr\/#website\",\"url\":\"https:\/\/ravetto-associes.fr\/\",\"name\":\"Ravetto Associ\u00e9s | Avocats \u00e0 la Cour\",\"description\":\"\",\"publisher\":{\"@id\":\"https:\/\/ravetto-associes.fr\/#organization\"},\"potentialAction\":[{\"@type\":\"SearchAction\",\"target\":{\"@type\":\"EntryPoint\",\"urlTemplate\":\"https:\/\/ravetto-associes.fr\/?s={search_term_string}\"},\"query-input\":\"required name=search_term_string\"}],\"inLanguage\":\"de\"},{\"@type\":\"Organization\",\"@id\":\"https:\/\/ravetto-associes.fr\/#organization\",\"name\":\"Ravetto Associ\u00e9s\",\"url\":\"https:\/\/ravetto-associes.fr\/\",\"logo\":{\"@type\":\"ImageObject\",\"inLanguage\":\"de\",\"@id\":\"https:\/\/ravetto-associes.fr\/#\/schema\/logo\/image\/\",\"url\":\"https:\/\/ravetto-associes.fr\/wp-content\/uploads\/2019\/01\/logo-ravetto-associes@2x.png\",\"contentUrl\":\"https:\/\/ravetto-associes.fr\/wp-content\/uploads\/2019\/01\/logo-ravetto-associes@2x.png\",\"width\":981,\"height\":196,\"caption\":\"Ravetto Associ\u00e9s\"},\"image\":{\"@id\":\"https:\/\/ravetto-associes.fr\/#\/schema\/logo\/image\/\"}}]}<\/script>\n<!-- \/ Yoast SEO plugin. -->","yoast_head_json":{"title":"Homepage - Ravetto Associ\u00e9s | Avocats \u00e0 la Cour","description":"Le cabinet Ravetto Associ\u00e9s est le partenaire des acteurs priv\u00e9s et publics dans le domaine de l\u2019\u00e9nergie (\u00e9lectricit\u00e9, gaz, chaleur).","robots":{"index":"index","follow":"follow","max-snippet":"max-snippet:-1","max-image-preview":"max-image-preview:large","max-video-preview":"max-video-preview:-1"},"canonical":"https:\/\/ravetto-associes.fr\/de\/accueil\/","og_locale":"de_DE","og_type":"article","og_title":"Accueil - Ravetto Associ\u00e9s | Avocats \u00e0 la Cour","og_description":"Le cabinet Ravetto Associ\u00e9s est le partenaire des acteurs priv\u00e9s et publics dans le domaine de l'\u00e9nergie (\u00e9lectricit\u00e9, gaz, chaleur).","og_url":"https:\/\/ravetto-associes.fr\/de\/accueil\/","og_site_name":"Ravetto Associ\u00e9s | Avocats \u00e0 la Cour","article_modified_time":"2019-07-16T13:28:30+00:00","og_image":[{"width":1920,"height":980,"url":"https:\/\/ravetto-associes.fr\/wp-content\/uploads\/2019\/01\/home-hero.jpg","type":"image\/jpeg"}],"twitter_card":"summary_large_image","twitter_title":"Accueil - Ravetto Associ\u00e9s | Avocats \u00e0 la Cour","twitter_description":"Le cabinet Ravetto Associ\u00e9s est le partenaire des acteurs priv\u00e9s et publics dans le domaine de l'\u00e9nergie (\u00e9lectricit\u00e9, gaz, chaleur).","twitter_image":"https:\/\/ravetto-associes.fr\/wp-content\/uploads\/2019\/01\/home-hero.jpg","schema":{"@context":"https:\/\/schema.org","@graph":[{"@type":"WebPage","@id":"https:\/\/ravetto-associes.fr\/de\/accueil\/","url":"https:\/\/ravetto-associes.fr\/de\/accueil\/","name":"Homepage - Ravetto Associ\u00e9s | Avocats \u00e0 la Cour","isPartOf":{"@id":"https:\/\/ravetto-associes.fr\/#website"},"datePublished":"2019-01-11T14:57:04+00:00","dateModified":"2019-07-16T13:28:30+00:00","description":"Le cabinet Ravetto Associ\u00e9s est le partenaire des acteurs priv\u00e9s et publics dans le domaine de l\u2019\u00e9nergie (\u00e9lectricit\u00e9, gaz, chaleur).","breadcrumb":{"@id":"https:\/\/ravetto-associes.fr\/de\/accueil\/#breadcrumb"},"inLanguage":"de","potentialAction":[{"@type":"ReadAction","target":["https:\/\/ravetto-associes.fr\/de\/accueil\/"]}]},{"@type":"BreadcrumbList","@id":"https:\/\/ravetto-associes.fr\/de\/accueil\/#breadcrumb","itemListElement":[{"@type":"ListItem","position":1,"name":"Accueil","item":"https:\/\/ravetto-associes.fr\/de\/accueil\/"},{"@type":"ListItem","position":2,"name":"Homepage"}]},{"@type":"WebSite","@id":"https:\/\/ravetto-associes.fr\/#website","url":"https:\/\/ravetto-associes.fr\/","name":"Ravetto Associ\u00e9s | Avocats \u00e0 la Cour","description":"","publisher":{"@id":"https:\/\/ravetto-associes.fr\/#organization"},"potentialAction":[{"@type":"SearchAction","target":{"@type":"EntryPoint","urlTemplate":"https:\/\/ravetto-associes.fr\/?s={search_term_string}"},"query-input":"required name=search_term_string"}],"inLanguage":"de"},{"@type":"Organization","@id":"https:\/\/ravetto-associes.fr\/#organization","name":"Ravetto Associ\u00e9s","url":"https:\/\/ravetto-associes.fr\/","logo":{"@type":"ImageObject","inLanguage":"de","@id":"https:\/\/ravetto-associes.fr\/#\/schema\/logo\/image\/","url":"https:\/\/ravetto-associes.fr\/wp-content\/uploads\/2019\/01\/logo-ravetto-associes@2x.png","contentUrl":"https:\/\/ravetto-associes.fr\/wp-content\/uploads\/2019\/01\/logo-ravetto-associes@2x.png","width":981,"height":196,"caption":"Ravetto Associ\u00e9s"},"image":{"@id":"https:\/\/ravetto-associes.fr\/#\/schema\/logo\/image\/"}}]}},"_links":{"self":[{"href":"https:\/\/ravetto-associes.fr\/de\/wp-json\/wp\/v2\/pages\/985"}],"collection":[{"href":"https:\/\/ravetto-associes.fr\/de\/wp-json\/wp\/v2\/pages"}],"about":[{"href":"https:\/\/ravetto-associes.fr\/de\/wp-json\/wp\/v2\/types\/page"}],"author":[{"embeddable":true,"href":"https:\/\/ravetto-associes.fr\/de\/wp-json\/wp\/v2\/users\/1"}],"replies":[{"embeddable":true,"href":"https:\/\/ravetto-associes.fr\/de\/wp-json\/wp\/v2\/comments?post=985"}],"version-history":[{"count":4,"href":"https:\/\/ravetto-associes.fr\/de\/wp-json\/wp\/v2\/pages\/985\/revisions"}],"predecessor-version":[{"id":1111,"href":"https:\/\/ravetto-associes.fr\/de\/wp-json\/wp\/v2\/pages\/985\/revisions\/1111"}],"wp:attachment":[{"href":"https:\/\/ravetto-associes.fr\/de\/wp-json\/wp\/v2\/media?parent=985"}],"curies":[{"name":"wp","href":"https:\/\/api.w.org\/{rel}","templated":true}]}}