{"id":990,"date":"2019-01-11T19:10:28","date_gmt":"2019-01-11T18:10:28","guid":{"rendered":"https:\/\/ravetto-associes.fr\/mentions-legales\/"},"modified":"2020-01-23T11:35:07","modified_gmt":"2020-01-23T10:35:07","slug":"rechtliche-hinweise","status":"publish","type":"page","link":"https:\/\/ravetto-associes.fr\/de\/rechtliche-hinweise\/","title":{"rendered":"Rechtliche hinweise"},"content":{"rendered":"<h3>Herausgeber der Website<\/h3>\n<p>RAVETTO ASSOCI\u00c9S, 19, RUE DE MILAN, 75009 PARIS<br \/>\nTel.:+33 (0)1 80 48 12 60<\/p>\n<p>Leitender Redakteur: Paul RAVETTO<br \/>\nErstellung der Website <a href=\"http:\/\/www.cartonrouge.fr\" target=\"_blank\" rel=\"noopener noreferrer\">Carton Rouge<\/a>, Beratungsagentur f\u00fcr gedruckte und digitale Kommunikation<br \/>\nHosting: <a href=\"https:\/\/www.infomaniak.com\/de\" target=\"_blank\" rel=\"noopener noreferrer\">Infomaniak<\/a><\/p>\n<h3>Nutzungsbedingungen<\/h3>\n<p>F\u00fcr eine bessere Benutzerfreundlichkeit und ein angenehmeres Grafikdesign wird diese Website https:\/\/www.ravetto-associes.fr (nachstehend: die Website) in verschiedenen Websprachen (HTML, HTML5, Javascript, CSS usw.) angeboten. Wir empfehlen Ihnen die Verwendung moderner Browser wie Firefox, Google Chrome, Opera usw.<\/p>\n<h3>RAVETTO ASSOCI\u00c9S setzt alle verf\u00fcgbaren Mittel ein, um Ihnen zuverl\u00e4ssige und stets aktuelle Informationen zu bieten. Dennoch lassen sich Irrt\u00fcmer und Unterlassungen nicht immer ausschlie\u00dfen. Der Internetnutzer muss die Richtigkeit der Informationen daher selbst \u00fcberpr\u00fcfen und wird gebeten, uns alle f\u00fcr notwendig erachteten \u00c4nderungen mitzuteilen. RAVETTO ASSOCI\u00c9S haftet in keiner Weise f\u00fcr die Verwendung dieser Informationen oder f\u00fcr sich daraus ergebende direkte oder indirekte Sch\u00e4den.<\/h3>\n<h3>Cookies<\/h3>\n<p>Zur Anfertigung anonymer Besucherstatistiken werden Sie auf dieser Website um die Zulassung von Cookies gebeten. Ein Cookie oder ein Tracker ist eine Textdatei, die vom Server der von Ihnen besuchten Website auf Ihrer Festplatte abgelegt wird. Einige Bereiche dieser Website k\u00f6nnen ohne die Annahme von Cookies nicht genutzt werden.<br \/>\nCookie-Herausgeber: Google Analytics (ga)<br \/>\nBeschreibung: dient der Messung der Besucherzahlen dieser Website<br \/>\nAufbewahrungsdauer: 1 Jahr<br \/>\nSie k\u00f6nnen bereits auf Ihrem Computer installierte Cookies \u00fcber Ihren Browser l\u00f6schen, aber Sie k\u00f6nnen Ihren Browser auch so einstellen, dass die Installation von Cookies auf Ihrem Computer verhindert wird. Je nach verwendetem Browser ist dabei wie folgt vorzugehen: Die Konfiguration f\u00fcr die Verwaltung der Cookies und Ihre Auswahl ist f\u00fcr jeden Browser anders. Sie wird im Hilfemen\u00fc Ihres Browsers beschrieben, mit dem Sie herausfinden k\u00f6nnen, wie Sie Ihre Cookie-Einstellungen \u00e4ndern k\u00f6nnen.<\/p>\n<p>F\u00fcr den Internet Explorer:<br \/>\nhttp:\/\/windows.microsoft.com\/fr-FR\/windows-vista\/Block-or-allow-cookies<br \/>\nF\u00fcr Safari&#x2122;:<br \/>\nhttps:\/\/support.apple.com\/kb\/PH21411?viewlocale=en_US&#038;locale=en_US<br \/>\nF\u00fcr Chrome&#x2122;:<br \/>\nhttp:\/\/support.google.com\/chrome\/bin\/answer.py?hl=fr&#038;hlrm=en&#038;answer=95647<br \/>\nF\u00fcr Firefox&#x2122;:<br \/>\nhttp:\/\/support.mozilla.org\/fr\/kb\/Activer%20et%20d%C3%A9sactiver%20les%20cookies<br \/>\nF\u00fcr Opera&#x2122;: http:\/\/help.opera.com\/Windows\/10.20\/fr\/cookies.html<\/p>\n<h3>Hyperlinks<\/h3>\n<p>Die Website kann Hyperlinks zu Websites enthalten, die Partnern von RAVETTO ASSOCI\u00c9S oder Dritten geh\u00f6ren. RAVETTO ASSOCI\u00c9S \u00fcbt keinerlei Kontrolle \u00fcber diese Websites aus und \u00fcbernimmt daher keine Haftung f\u00fcr ihre Verf\u00fcgbarkeit und die auf ihnen bereitgestellten oder \u00fcber sie erreichbaren Inhalte, Werbungen, Produkte und\/oder Dienstleistungen. F\u00fcr die Erstellung von Hyperlinks zu dieser Website ist das vorherige Einverst\u00e4ndnis von RAVETTO ASSOCI\u00c9S erforderlich.<\/p>\n<h3>Erbrachte Leistungen<\/h3>\n<p>Alle T\u00e4tigkeiten der Gesellschaft und alle sie betreffenden Informationen werden auf dieser Website wiedergegeben. RAVETTO ASSOCIES bem\u00fcht sich, auf der Website m\u00f6glichst genaue Informationen bereitzustellen. Die auf der Website verf\u00fcgbaren Angaben sind nicht vollst\u00e4ndig und die Fotos vertraglich nicht bindend. Die Angaben erfolgen unter dem Vorbehalt der sie betreffenden \u00c4nderungen seit der Ver\u00f6ffentlichung der Website. Alle auf der Website enthaltenen Informationen sind zudem unverbindlich und k\u00f6nnen sich ohne Vorank\u00fcndigung \u00e4ndern oder weiterentwickeln.<\/p>\n<h3>Die Daten betreffende vertragliche Beschr\u00e4nkungen<\/h3>\n<p>Die auf der Website enthaltenen Informationen sind so genau wie m\u00f6glich und die Website wird mehrmals j\u00e4hrlich aktualisiert. Dennoch sind Ungenauigkeiten oder Auslassungen nicht auszuschlie\u00dfen. Wenn Sie eine solche Auslassung oder einen Fehler oder eine scheinbare Funktionsst\u00f6rung bemerken, melden Sie uns dies bitte per Post (RAVETTO ASSOCI\u00c9S, 6 square de l&#8217;Op\u00e9ra Louis Jouvet, 75009 PARIS) Bitte beschreiben Sie uns das Problem dabei so genau wie m\u00f6glich: Seite, die das Problem verursacht, verwendeter Computertyp und Browser usw.<\/p>\n<p>Das Herunterladen von Inhalten erfolgt auf eigene Gefahr und unter alleiniger Verantwortung des Nutzers. Folglich \u00fcbernehmen wir keine Haftung f\u00fcr Sch\u00e4den am Computer des Benutzers oder Datenverluste infolge des Herunterladens. Dar\u00fcber hinaus verpflichtet sich der Nutzer, die Website mit virenfreien Ger\u00e4ten auf den neusten Stand und einem aktualisierten Browser der neuesten Generation zu besuchen.<\/p>\n<h3>Geistiges Eigentum<\/h3>\n<p>Alle auf der Website enthaltenen Inhalte einschlie\u00dflich unter anderem von Grafiken, Bildern, Texten, Videos, Animationen, T\u00f6nen, Logos, Gifs und Symbolen und ihrer Formatierung sind ausschlie\u00dfliches Eigentum des Unternehmens, mit Ausnahme von Marken, Logos oder Inhalten, die sich im Besitz anderer Partnerunternehmen oder Autoren befinden.<\/p>\n<p>Jede ohne die ausdr\u00fcckliche schriftliche Zustimmung von RAVETTO ASSOCI\u00c9S ganz oder teilweise erfolgende Vervielf\u00e4ltigung, Verbreitung, \u00c4nderung, Anpassung, \u00dcbertragung oder Ver\u00f6ffentlichung dieser Inhalte ist strengstens untersagt. Eine solche auf welche Weise auch immer erfolgende Darstellung oder Vervielf\u00e4ltigung stellt eine nach Artikel L.335-2 ff. des franz\u00f6sischen Gesetzbuches \u00fcber das geistige Eigentum (Code de la propri\u00e9t\u00e9 intellectuelle) strafbare Urheberrechtsverletzung dar. Die Nichteinhaltung dieses Verbots stellt eine Urheberrechtsverletzung dar, die eine zivil- und strafrechtliche Haftung des Urhebers dieser Verletzung nach sich ziehen kann. Dar\u00fcber hinaus k\u00f6nnen die Eigent\u00fcmer der kopierten Inhalte rechtliche Schritte gegen Sie einleiten.<\/p>\n<h3>Pers\u00f6nliche Daten<\/h3>\n<p>Im Allgemeinen m\u00fcssen Sie uns bei einem Besuch der Website keine personenbezogenen Daten \u00fcbermitteln.<\/p>\n<p>Gem\u00e4\u00df dem franz\u00f6sischen Datenschutzgesetz Nr. 78-17 vom 6. Januar 1978 k\u00f6nnen Sie Ihr Recht auf Zugang zu den Sie betreffenden Daten aus\u00fcben und deren Berichtigung verlangen, indem Sie uns telefonisch (+33 (0)1 80 48 12 60) oder per Post (RAVETTO ASSOCI\u00c9S, 6 square de l&#8217;Op\u00e9ra Louis Jouvet, 75009 PARIS) kontaktieren. Der f\u00fcr diese Art von Anfragen Verantwortliche beh\u00e4lt sich jedoch das Recht vor, jede als missbr\u00e4uchlich betrachtete Anfrage abzulehnen.<br \/>\nMeldung bei der franz\u00f6sischen Datenschutzbeh\u00f6rde CNIL: Gem\u00e4\u00df dem franz\u00f6sischen Datenschutzgesetz Nr. 78-17 vom 6. Januar 1978 (ge\u00e4ndert durch das Datenschutzgesetz Nr. 2004-801 vom 6. August 2004) wurde diese Website nicht bei der franz\u00f6sischen Datenschutzbeh\u00f6rde CNIL angemeldet (www.cnil.fr) .<\/p>\n<h3>Rechtsstreitigkeiten<\/h3>\n<p>Die vorliegenden Bedingungen dieser Website unterliegen franz\u00f6sischem Recht, und alle Beschwerden oder Rechtsstreitigkeiten, die sich aus der Auslegung oder Erf\u00fcllung dieser Bedingungen ergeben k\u00f6nnen, unterliegen der ausschlie\u00dflichen Zust\u00e4ndigkeit der f\u00fcr den Gesch\u00e4ftssitz der Gesellschaft zust\u00e4ndigen Gerichte. Die Bezugssprache f\u00fcr die Beilegung von Streitigkeiten ist Franz\u00f6sisch.<\/p>\n","protected":false},"excerpt":{"rendered":"<p>Herausgeber der Website RAVETTO ASSOCI\u00c9S, 19, RUE DE MILAN, 75009 PARIS Tel.:+33 (0)1 80 48 12 60 Leitender Redakteur: Paul RAVETTO Erstellung der Website Carton Rouge, Beratungsagentur f\u00fcr gedruckte und digitale Kommunikation Hosting: Infomaniak Nutzungsbedingungen F\u00fcr eine bessere Benutzerfreundlichkeit und ein angenehmeres Grafikdesign wird diese Website https:\/\/www.ravetto-associes.fr (nachstehend: die Website) in verschiedenen Websprachen (HTML, HTML5, [&hellip;]<\/p>\n","protected":false},"author":1,"featured_media":880,"parent":0,"menu_order":0,"comment_status":"closed","ping_status":"closed","template":"","meta":{"_acf_changed":false,"footnotes":""},"acf":[],"yoast_head":"<!-- This site is optimized with the Yoast SEO plugin v22.9 - https:\/\/yoast.com\/wordpress\/plugins\/seo\/ -->\n<title>Rechtliche hinweise - Ravetto Associ\u00e9s | Avocats \u00e0 la Cour<\/title>\n<meta name=\"description\" content=\"RAVETTO ASSOCI\u00c9S met en \u0153uvre tous les moyens dont elle dispose, pour assurer une information fiable et une mise \u00e0 jour fiable de ses sites internet.\" \/>\n<meta name=\"robots\" content=\"index, follow, max-snippet:-1, max-image-preview:large, max-video-preview:-1\" \/>\n<link rel=\"canonical\" href=\"https:\/\/ravetto-associes.fr\/de\/rechtliche-hinweise\/\" \/>\n<meta property=\"og:locale\" content=\"de_DE\" \/>\n<meta property=\"og:type\" content=\"article\" \/>\n<meta property=\"og:title\" content=\"Rechtliche hinweise - Ravetto Associ\u00e9s | Avocats \u00e0 la Cour\" \/>\n<meta property=\"og:description\" content=\"RAVETTO ASSOCI\u00c9S met en \u0153uvre tous les moyens dont elle dispose, pour assurer une information fiable et une mise \u00e0 jour fiable de ses sites internet.\" \/>\n<meta property=\"og:url\" content=\"https:\/\/ravetto-associes.fr\/de\/rechtliche-hinweise\/\" \/>\n<meta property=\"og:site_name\" content=\"Ravetto Associ\u00e9s | Avocats \u00e0 la Cour\" \/>\n<meta property=\"article:modified_time\" content=\"2020-01-23T10:35:07+00:00\" \/>\n<meta property=\"og:image\" content=\"https:\/\/ravetto-associes.fr\/wp-content\/uploads\/2019\/01\/allemagne-international.jpg\" \/>\n\t<meta property=\"og:image:width\" content=\"473\" \/>\n\t<meta property=\"og:image:height\" content=\"820\" \/>\n\t<meta property=\"og:image:type\" content=\"image\/jpeg\" \/>\n<meta name=\"twitter:card\" content=\"summary_large_image\" \/>\n<meta name=\"twitter:label1\" content=\"Gesch\u00e4tzte Lesezeit\" \/>\n\t<meta name=\"twitter:data1\" content=\"5\u00a0Minuten\" \/>\n<script type=\"application\/ld+json\" class=\"yoast-schema-graph\">{\"@context\":\"https:\/\/schema.org\",\"@graph\":[{\"@type\":\"WebPage\",\"@id\":\"https:\/\/ravetto-associes.fr\/de\/rechtliche-hinweise\/\",\"url\":\"https:\/\/ravetto-associes.fr\/de\/rechtliche-hinweise\/\",\"name\":\"Rechtliche hinweise - Ravetto Associ\u00e9s | Avocats \u00e0 la Cour\",\"isPartOf\":{\"@id\":\"https:\/\/ravetto-associes.fr\/#website\"},\"primaryImageOfPage\":{\"@id\":\"https:\/\/ravetto-associes.fr\/de\/rechtliche-hinweise\/#primaryimage\"},\"image\":{\"@id\":\"https:\/\/ravetto-associes.fr\/de\/rechtliche-hinweise\/#primaryimage\"},\"thumbnailUrl\":\"https:\/\/ravetto-associes.fr\/wp-content\/uploads\/2019\/01\/allemagne-international.jpg\",\"datePublished\":\"2019-01-11T18:10:28+00:00\",\"dateModified\":\"2020-01-23T10:35:07+00:00\",\"description\":\"RAVETTO ASSOCI\u00c9S met en \u0153uvre tous les moyens dont elle dispose, pour assurer une information fiable et une mise \u00e0 jour fiable de ses sites internet.\",\"breadcrumb\":{\"@id\":\"https:\/\/ravetto-associes.fr\/de\/rechtliche-hinweise\/#breadcrumb\"},\"inLanguage\":\"de\",\"potentialAction\":[{\"@type\":\"ReadAction\",\"target\":[\"https:\/\/ravetto-associes.fr\/de\/rechtliche-hinweise\/\"]}]},{\"@type\":\"ImageObject\",\"inLanguage\":\"de\",\"@id\":\"https:\/\/ravetto-associes.fr\/de\/rechtliche-hinweise\/#primaryimage\",\"url\":\"https:\/\/ravetto-associes.fr\/wp-content\/uploads\/2019\/01\/allemagne-international.jpg\",\"contentUrl\":\"https:\/\/ravetto-associes.fr\/wp-content\/uploads\/2019\/01\/allemagne-international.jpg\",\"width\":473,\"height\":820},{\"@type\":\"BreadcrumbList\",\"@id\":\"https:\/\/ravetto-associes.fr\/de\/rechtliche-hinweise\/#breadcrumb\",\"itemListElement\":[{\"@type\":\"ListItem\",\"position\":1,\"name\":\"Accueil\",\"item\":\"https:\/\/ravetto-associes.fr\/de\/accueil\/\"},{\"@type\":\"ListItem\",\"position\":2,\"name\":\"Rechtliche hinweise\"}]},{\"@type\":\"WebSite\",\"@id\":\"https:\/\/ravetto-associes.fr\/#website\",\"url\":\"https:\/\/ravetto-associes.fr\/\",\"name\":\"Ravetto Associ\u00e9s | Avocats \u00e0 la Cour\",\"description\":\"\",\"publisher\":{\"@id\":\"https:\/\/ravetto-associes.fr\/#organization\"},\"potentialAction\":[{\"@type\":\"SearchAction\",\"target\":{\"@type\":\"EntryPoint\",\"urlTemplate\":\"https:\/\/ravetto-associes.fr\/?s={search_term_string}\"},\"query-input\":\"required name=search_term_string\"}],\"inLanguage\":\"de\"},{\"@type\":\"Organization\",\"@id\":\"https:\/\/ravetto-associes.fr\/#organization\",\"name\":\"Ravetto Associ\u00e9s\",\"url\":\"https:\/\/ravetto-associes.fr\/\",\"logo\":{\"@type\":\"ImageObject\",\"inLanguage\":\"de\",\"@id\":\"https:\/\/ravetto-associes.fr\/#\/schema\/logo\/image\/\",\"url\":\"https:\/\/ravetto-associes.fr\/wp-content\/uploads\/2019\/01\/logo-ravetto-associes@2x.png\",\"contentUrl\":\"https:\/\/ravetto-associes.fr\/wp-content\/uploads\/2019\/01\/logo-ravetto-associes@2x.png\",\"width\":981,\"height\":196,\"caption\":\"Ravetto Associ\u00e9s\"},\"image\":{\"@id\":\"https:\/\/ravetto-associes.fr\/#\/schema\/logo\/image\/\"}}]}<\/script>\n<!-- \/ Yoast SEO plugin. -->","yoast_head_json":{"title":"Rechtliche hinweise - Ravetto Associ\u00e9s | Avocats \u00e0 la Cour","description":"RAVETTO ASSOCI\u00c9S met en \u0153uvre tous les moyens dont elle dispose, pour assurer une information fiable et une mise \u00e0 jour fiable de ses sites internet.","robots":{"index":"index","follow":"follow","max-snippet":"max-snippet:-1","max-image-preview":"max-image-preview:large","max-video-preview":"max-video-preview:-1"},"canonical":"https:\/\/ravetto-associes.fr\/de\/rechtliche-hinweise\/","og_locale":"de_DE","og_type":"article","og_title":"Rechtliche hinweise - Ravetto Associ\u00e9s | Avocats \u00e0 la Cour","og_description":"RAVETTO ASSOCI\u00c9S met en \u0153uvre tous les moyens dont elle dispose, pour assurer une information fiable et une mise \u00e0 jour fiable de ses sites internet.","og_url":"https:\/\/ravetto-associes.fr\/de\/rechtliche-hinweise\/","og_site_name":"Ravetto Associ\u00e9s | Avocats \u00e0 la Cour","article_modified_time":"2020-01-23T10:35:07+00:00","og_image":[{"width":473,"height":820,"url":"https:\/\/ravetto-associes.fr\/wp-content\/uploads\/2019\/01\/allemagne-international.jpg","type":"image\/jpeg"}],"twitter_card":"summary_large_image","twitter_misc":{"Gesch\u00e4tzte Lesezeit":"5\u00a0Minuten"},"schema":{"@context":"https:\/\/schema.org","@graph":[{"@type":"WebPage","@id":"https:\/\/ravetto-associes.fr\/de\/rechtliche-hinweise\/","url":"https:\/\/ravetto-associes.fr\/de\/rechtliche-hinweise\/","name":"Rechtliche hinweise - Ravetto Associ\u00e9s | Avocats \u00e0 la Cour","isPartOf":{"@id":"https:\/\/ravetto-associes.fr\/#website"},"primaryImageOfPage":{"@id":"https:\/\/ravetto-associes.fr\/de\/rechtliche-hinweise\/#primaryimage"},"image":{"@id":"https:\/\/ravetto-associes.fr\/de\/rechtliche-hinweise\/#primaryimage"},"thumbnailUrl":"https:\/\/ravetto-associes.fr\/wp-content\/uploads\/2019\/01\/allemagne-international.jpg","datePublished":"2019-01-11T18:10:28+00:00","dateModified":"2020-01-23T10:35:07+00:00","description":"RAVETTO ASSOCI\u00c9S met en \u0153uvre tous les moyens dont elle dispose, pour assurer une information fiable et une mise \u00e0 jour fiable de ses sites internet.","breadcrumb":{"@id":"https:\/\/ravetto-associes.fr\/de\/rechtliche-hinweise\/#breadcrumb"},"inLanguage":"de","potentialAction":[{"@type":"ReadAction","target":["https:\/\/ravetto-associes.fr\/de\/rechtliche-hinweise\/"]}]},{"@type":"ImageObject","inLanguage":"de","@id":"https:\/\/ravetto-associes.fr\/de\/rechtliche-hinweise\/#primaryimage","url":"https:\/\/ravetto-associes.fr\/wp-content\/uploads\/2019\/01\/allemagne-international.jpg","contentUrl":"https:\/\/ravetto-associes.fr\/wp-content\/uploads\/2019\/01\/allemagne-international.jpg","width":473,"height":820},{"@type":"BreadcrumbList","@id":"https:\/\/ravetto-associes.fr\/de\/rechtliche-hinweise\/#breadcrumb","itemListElement":[{"@type":"ListItem","position":1,"name":"Accueil","item":"https:\/\/ravetto-associes.fr\/de\/accueil\/"},{"@type":"ListItem","position":2,"name":"Rechtliche hinweise"}]},{"@type":"WebSite","@id":"https:\/\/ravetto-associes.fr\/#website","url":"https:\/\/ravetto-associes.fr\/","name":"Ravetto Associ\u00e9s | Avocats \u00e0 la Cour","description":"","publisher":{"@id":"https:\/\/ravetto-associes.fr\/#organization"},"potentialAction":[{"@type":"SearchAction","target":{"@type":"EntryPoint","urlTemplate":"https:\/\/ravetto-associes.fr\/?s={search_term_string}"},"query-input":"required name=search_term_string"}],"inLanguage":"de"},{"@type":"Organization","@id":"https:\/\/ravetto-associes.fr\/#organization","name":"Ravetto Associ\u00e9s","url":"https:\/\/ravetto-associes.fr\/","logo":{"@type":"ImageObject","inLanguage":"de","@id":"https:\/\/ravetto-associes.fr\/#\/schema\/logo\/image\/","url":"https:\/\/ravetto-associes.fr\/wp-content\/uploads\/2019\/01\/logo-ravetto-associes@2x.png","contentUrl":"https:\/\/ravetto-associes.fr\/wp-content\/uploads\/2019\/01\/logo-ravetto-associes@2x.png","width":981,"height":196,"caption":"Ravetto Associ\u00e9s"},"image":{"@id":"https:\/\/ravetto-associes.fr\/#\/schema\/logo\/image\/"}}]}},"_links":{"self":[{"href":"https:\/\/ravetto-associes.fr\/de\/wp-json\/wp\/v2\/pages\/990"}],"collection":[{"href":"https:\/\/ravetto-associes.fr\/de\/wp-json\/wp\/v2\/pages"}],"about":[{"href":"https:\/\/ravetto-associes.fr\/de\/wp-json\/wp\/v2\/types\/page"}],"author":[{"embeddable":true,"href":"https:\/\/ravetto-associes.fr\/de\/wp-json\/wp\/v2\/users\/1"}],"replies":[{"embeddable":true,"href":"https:\/\/ravetto-associes.fr\/de\/wp-json\/wp\/v2\/comments?post=990"}],"version-history":[{"count":8,"href":"https:\/\/ravetto-associes.fr\/de\/wp-json\/wp\/v2\/pages\/990\/revisions"}],"predecessor-version":[{"id":1313,"href":"https:\/\/ravetto-associes.fr\/de\/wp-json\/wp\/v2\/pages\/990\/revisions\/1313"}],"wp:featuredmedia":[{"embeddable":true,"href":"https:\/\/ravetto-associes.fr\/de\/wp-json\/wp\/v2\/media\/880"}],"wp:attachment":[{"href":"https:\/\/ravetto-associes.fr\/de\/wp-json\/wp\/v2\/media?parent=990"}],"curies":[{"name":"wp","href":"https:\/\/api.w.org\/{rel}","templated":true}]}}