{"id":995,"date":"2019-01-11T15:58:51","date_gmt":"2019-01-11T14:58:51","guid":{"rendered":"https:\/\/ravetto-associes.fr\/nous-rejoindre\/"},"modified":"2019-05-29T16:28:20","modified_gmt":"2019-05-29T14:28:20","slug":"fuer-uns-arbeiten","status":"publish","type":"page","link":"https:\/\/ravetto-associes.fr\/de\/fuer-uns-arbeiten\/","title":{"rendered":"F\u00fcr uns arbeiten"},"content":{"rendered":"\r\n<p>Die Kanzlei besch\u00e4ftigt das ganze Jahr \u00fcber Praktikanten und stellt je nach Bedarf und Ausbau der Kanzlei neue Anw\u00e4lte ein.<\/p>\r\n<p>Wir legen besonderen Wert auf Ihr Interesse am Energiesektor und Ihre Gewissenhaftigkeit, Teamf\u00e4higkeit und Offenheit.<\/p>\r\n<p>Sie k\u00f6nnen Ihre Bewerbung an die folgende E-Mail-Adresse senden:<\/p>\r\n<p><a href=\"mailto:contact@ravetto-avocats.com\">contact@ravetto-avocats.com<\/a><\/p>\r\n","protected":false},"excerpt":{"rendered":"<p>Die Kanzlei besch\u00e4ftigt das ganze Jahr \u00fcber Praktikanten und stellt je nach Bedarf und Ausbau der Kanzlei neue Anw\u00e4lte ein. Wir legen besonderen Wert auf Ihr Interesse am Energiesektor und Ihre Gewissenhaftigkeit, Teamf\u00e4higkeit und Offenheit. Sie k\u00f6nnen Ihre Bewerbung an die folgende E-Mail-Adresse senden: contact@ravetto-avocats.com<\/p>\n","protected":false},"author":1,"featured_media":844,"parent":0,"menu_order":0,"comment_status":"closed","ping_status":"closed","template":"page-templates\/joinus-template.php","meta":{"_acf_changed":false,"footnotes":""},"acf":[],"yoast_head":"<!-- This site is optimized with the Yoast SEO plugin v22.9 - https:\/\/yoast.com\/wordpress\/plugins\/seo\/ -->\n<title>F\u00fcr uns arbeiten - Ravetto Associ\u00e9s | Avocats \u00e0 la Cour<\/title>\n<meta name=\"robots\" content=\"index, follow, max-snippet:-1, max-image-preview:large, max-video-preview:-1\" \/>\n<link rel=\"canonical\" href=\"https:\/\/ravetto-associes.fr\/de\/fuer-uns-arbeiten\/\" \/>\n<meta property=\"og:locale\" content=\"de_DE\" \/>\n<meta property=\"og:type\" content=\"article\" \/>\n<meta property=\"og:title\" content=\"F\u00fcr uns arbeiten - Ravetto Associ\u00e9s | Avocats \u00e0 la Cour\" \/>\n<meta property=\"og:description\" content=\"Die Kanzlei besch\u00e4ftigt das ganze Jahr \u00fcber Praktikanten und stellt je nach Bedarf und Ausbau der Kanzlei neue Anw\u00e4lte ein. Wir legen besonderen Wert auf Ihr Interesse am Energiesektor und Ihre Gewissenhaftigkeit, Teamf\u00e4higkeit und Offenheit. Sie k\u00f6nnen Ihre Bewerbung an die folgende E-Mail-Adresse senden: contact@ravetto-avocats.com\" \/>\n<meta property=\"og:url\" content=\"https:\/\/ravetto-associes.fr\/de\/fuer-uns-arbeiten\/\" \/>\n<meta property=\"og:site_name\" content=\"Ravetto Associ\u00e9s | Avocats \u00e0 la Cour\" \/>\n<meta property=\"article:modified_time\" content=\"2019-05-29T14:28:20+00:00\" \/>\n<meta property=\"og:image\" content=\"https:\/\/ravetto-associes.fr\/wp-content\/uploads\/2019\/01\/jakob-owens-626101-unsplash-1.jpg\" \/>\n\t<meta property=\"og:image:width\" content=\"1242\" \/>\n\t<meta property=\"og:image:height\" content=\"861\" \/>\n\t<meta property=\"og:image:type\" content=\"image\/jpeg\" \/>\n<meta name=\"twitter:card\" content=\"summary_large_image\" \/>\n<script type=\"application\/ld+json\" class=\"yoast-schema-graph\">{\"@context\":\"https:\/\/schema.org\",\"@graph\":[{\"@type\":\"WebPage\",\"@id\":\"https:\/\/ravetto-associes.fr\/de\/fuer-uns-arbeiten\/\",\"url\":\"https:\/\/ravetto-associes.fr\/de\/fuer-uns-arbeiten\/\",\"name\":\"F\u00fcr uns arbeiten - Ravetto Associ\u00e9s | Avocats \u00e0 la Cour\",\"isPartOf\":{\"@id\":\"https:\/\/ravetto-associes.fr\/#website\"},\"primaryImageOfPage\":{\"@id\":\"https:\/\/ravetto-associes.fr\/de\/fuer-uns-arbeiten\/#primaryimage\"},\"image\":{\"@id\":\"https:\/\/ravetto-associes.fr\/de\/fuer-uns-arbeiten\/#primaryimage\"},\"thumbnailUrl\":\"https:\/\/ravetto-associes.fr\/wp-content\/uploads\/2019\/01\/jakob-owens-626101-unsplash-1.jpg\",\"datePublished\":\"2019-01-11T14:58:51+00:00\",\"dateModified\":\"2019-05-29T14:28:20+00:00\",\"breadcrumb\":{\"@id\":\"https:\/\/ravetto-associes.fr\/de\/fuer-uns-arbeiten\/#breadcrumb\"},\"inLanguage\":\"de\",\"potentialAction\":[{\"@type\":\"ReadAction\",\"target\":[\"https:\/\/ravetto-associes.fr\/de\/fuer-uns-arbeiten\/\"]}]},{\"@type\":\"ImageObject\",\"inLanguage\":\"de\",\"@id\":\"https:\/\/ravetto-associes.fr\/de\/fuer-uns-arbeiten\/#primaryimage\",\"url\":\"https:\/\/ravetto-associes.fr\/wp-content\/uploads\/2019\/01\/jakob-owens-626101-unsplash-1.jpg\",\"contentUrl\":\"https:\/\/ravetto-associes.fr\/wp-content\/uploads\/2019\/01\/jakob-owens-626101-unsplash-1.jpg\",\"width\":1242,\"height\":861},{\"@type\":\"BreadcrumbList\",\"@id\":\"https:\/\/ravetto-associes.fr\/de\/fuer-uns-arbeiten\/#breadcrumb\",\"itemListElement\":[{\"@type\":\"ListItem\",\"position\":1,\"name\":\"Accueil\",\"item\":\"https:\/\/ravetto-associes.fr\/de\/accueil\/\"},{\"@type\":\"ListItem\",\"position\":2,\"name\":\"F\u00fcr uns arbeiten\"}]},{\"@type\":\"WebSite\",\"@id\":\"https:\/\/ravetto-associes.fr\/#website\",\"url\":\"https:\/\/ravetto-associes.fr\/\",\"name\":\"Ravetto Associ\u00e9s | Avocats \u00e0 la Cour\",\"description\":\"\",\"publisher\":{\"@id\":\"https:\/\/ravetto-associes.fr\/#organization\"},\"potentialAction\":[{\"@type\":\"SearchAction\",\"target\":{\"@type\":\"EntryPoint\",\"urlTemplate\":\"https:\/\/ravetto-associes.fr\/?s={search_term_string}\"},\"query-input\":\"required name=search_term_string\"}],\"inLanguage\":\"de\"},{\"@type\":\"Organization\",\"@id\":\"https:\/\/ravetto-associes.fr\/#organization\",\"name\":\"Ravetto Associ\u00e9s\",\"url\":\"https:\/\/ravetto-associes.fr\/\",\"logo\":{\"@type\":\"ImageObject\",\"inLanguage\":\"de\",\"@id\":\"https:\/\/ravetto-associes.fr\/#\/schema\/logo\/image\/\",\"url\":\"https:\/\/ravetto-associes.fr\/wp-content\/uploads\/2019\/01\/logo-ravetto-associes@2x.png\",\"contentUrl\":\"https:\/\/ravetto-associes.fr\/wp-content\/uploads\/2019\/01\/logo-ravetto-associes@2x.png\",\"width\":981,\"height\":196,\"caption\":\"Ravetto Associ\u00e9s\"},\"image\":{\"@id\":\"https:\/\/ravetto-associes.fr\/#\/schema\/logo\/image\/\"}}]}<\/script>\n<!-- \/ Yoast SEO plugin. -->","yoast_head_json":{"title":"F\u00fcr uns arbeiten - Ravetto Associ\u00e9s | Avocats \u00e0 la Cour","robots":{"index":"index","follow":"follow","max-snippet":"max-snippet:-1","max-image-preview":"max-image-preview:large","max-video-preview":"max-video-preview:-1"},"canonical":"https:\/\/ravetto-associes.fr\/de\/fuer-uns-arbeiten\/","og_locale":"de_DE","og_type":"article","og_title":"F\u00fcr uns arbeiten - Ravetto Associ\u00e9s | Avocats \u00e0 la Cour","og_description":"Die Kanzlei besch\u00e4ftigt das ganze Jahr \u00fcber Praktikanten und stellt je nach Bedarf und Ausbau der Kanzlei neue Anw\u00e4lte ein. Wir legen besonderen Wert auf Ihr Interesse am Energiesektor und Ihre Gewissenhaftigkeit, Teamf\u00e4higkeit und Offenheit. Sie k\u00f6nnen Ihre Bewerbung an die folgende E-Mail-Adresse senden: contact@ravetto-avocats.com","og_url":"https:\/\/ravetto-associes.fr\/de\/fuer-uns-arbeiten\/","og_site_name":"Ravetto Associ\u00e9s | Avocats \u00e0 la Cour","article_modified_time":"2019-05-29T14:28:20+00:00","og_image":[{"width":1242,"height":861,"url":"https:\/\/ravetto-associes.fr\/wp-content\/uploads\/2019\/01\/jakob-owens-626101-unsplash-1.jpg","type":"image\/jpeg"}],"twitter_card":"summary_large_image","schema":{"@context":"https:\/\/schema.org","@graph":[{"@type":"WebPage","@id":"https:\/\/ravetto-associes.fr\/de\/fuer-uns-arbeiten\/","url":"https:\/\/ravetto-associes.fr\/de\/fuer-uns-arbeiten\/","name":"F\u00fcr uns arbeiten - Ravetto Associ\u00e9s | Avocats \u00e0 la Cour","isPartOf":{"@id":"https:\/\/ravetto-associes.fr\/#website"},"primaryImageOfPage":{"@id":"https:\/\/ravetto-associes.fr\/de\/fuer-uns-arbeiten\/#primaryimage"},"image":{"@id":"https:\/\/ravetto-associes.fr\/de\/fuer-uns-arbeiten\/#primaryimage"},"thumbnailUrl":"https:\/\/ravetto-associes.fr\/wp-content\/uploads\/2019\/01\/jakob-owens-626101-unsplash-1.jpg","datePublished":"2019-01-11T14:58:51+00:00","dateModified":"2019-05-29T14:28:20+00:00","breadcrumb":{"@id":"https:\/\/ravetto-associes.fr\/de\/fuer-uns-arbeiten\/#breadcrumb"},"inLanguage":"de","potentialAction":[{"@type":"ReadAction","target":["https:\/\/ravetto-associes.fr\/de\/fuer-uns-arbeiten\/"]}]},{"@type":"ImageObject","inLanguage":"de","@id":"https:\/\/ravetto-associes.fr\/de\/fuer-uns-arbeiten\/#primaryimage","url":"https:\/\/ravetto-associes.fr\/wp-content\/uploads\/2019\/01\/jakob-owens-626101-unsplash-1.jpg","contentUrl":"https:\/\/ravetto-associes.fr\/wp-content\/uploads\/2019\/01\/jakob-owens-626101-unsplash-1.jpg","width":1242,"height":861},{"@type":"BreadcrumbList","@id":"https:\/\/ravetto-associes.fr\/de\/fuer-uns-arbeiten\/#breadcrumb","itemListElement":[{"@type":"ListItem","position":1,"name":"Accueil","item":"https:\/\/ravetto-associes.fr\/de\/accueil\/"},{"@type":"ListItem","position":2,"name":"F\u00fcr uns arbeiten"}]},{"@type":"WebSite","@id":"https:\/\/ravetto-associes.fr\/#website","url":"https:\/\/ravetto-associes.fr\/","name":"Ravetto Associ\u00e9s | Avocats \u00e0 la Cour","description":"","publisher":{"@id":"https:\/\/ravetto-associes.fr\/#organization"},"potentialAction":[{"@type":"SearchAction","target":{"@type":"EntryPoint","urlTemplate":"https:\/\/ravetto-associes.fr\/?s={search_term_string}"},"query-input":"required name=search_term_string"}],"inLanguage":"de"},{"@type":"Organization","@id":"https:\/\/ravetto-associes.fr\/#organization","name":"Ravetto Associ\u00e9s","url":"https:\/\/ravetto-associes.fr\/","logo":{"@type":"ImageObject","inLanguage":"de","@id":"https:\/\/ravetto-associes.fr\/#\/schema\/logo\/image\/","url":"https:\/\/ravetto-associes.fr\/wp-content\/uploads\/2019\/01\/logo-ravetto-associes@2x.png","contentUrl":"https:\/\/ravetto-associes.fr\/wp-content\/uploads\/2019\/01\/logo-ravetto-associes@2x.png","width":981,"height":196,"caption":"Ravetto Associ\u00e9s"},"image":{"@id":"https:\/\/ravetto-associes.fr\/#\/schema\/logo\/image\/"}}]}},"_links":{"self":[{"href":"https:\/\/ravetto-associes.fr\/de\/wp-json\/wp\/v2\/pages\/995"}],"collection":[{"href":"https:\/\/ravetto-associes.fr\/de\/wp-json\/wp\/v2\/pages"}],"about":[{"href":"https:\/\/ravetto-associes.fr\/de\/wp-json\/wp\/v2\/types\/page"}],"author":[{"embeddable":true,"href":"https:\/\/ravetto-associes.fr\/de\/wp-json\/wp\/v2\/users\/1"}],"replies":[{"embeddable":true,"href":"https:\/\/ravetto-associes.fr\/de\/wp-json\/wp\/v2\/comments?post=995"}],"version-history":[{"count":2,"href":"https:\/\/ravetto-associes.fr\/de\/wp-json\/wp\/v2\/pages\/995\/revisions"}],"predecessor-version":[{"id":1089,"href":"https:\/\/ravetto-associes.fr\/de\/wp-json\/wp\/v2\/pages\/995\/revisions\/1089"}],"wp:featuredmedia":[{"embeddable":true,"href":"https:\/\/ravetto-associes.fr\/de\/wp-json\/wp\/v2\/media\/844"}],"wp:attachment":[{"href":"https:\/\/ravetto-associes.fr\/de\/wp-json\/wp\/v2\/media?parent=995"}],"curies":[{"name":"wp","href":"https:\/\/api.w.org\/{rel}","templated":true}]}}