{"id":996,"date":"2019-01-11T19:11:05","date_gmt":"2019-01-11T18:11:05","guid":{"rendered":"https:\/\/ravetto-associes.fr\/specialiste-du-secteur-de-lenergie\/"},"modified":"2019-10-16T10:07:34","modified_gmt":"2019-10-16T08:07:34","slug":"als-spezialist-im-energiesektor","status":"publish","type":"page","link":"https:\/\/ravetto-associes.fr\/de\/als-spezialist-im-energiesektor\/","title":{"rendered":"Als spezialist im energiesektor"},"content":{"rendered":"<h2>\u2026 steht die Kanzlei Ravetto Associ\u00e9s an der Seite privater und \u00f6ffentlicher Akteure.<\/h2>\n<p><strong>Die auf den Energiesektor spezialisierte Kanzlei Ravetto Associ\u00e9s wurde im Februar 2009 gegr\u00fcndet.<\/strong><\/p>\n<p>Nachdem sie ihre Karrieren in renommierten franz\u00f6sischen und angels\u00e4chsischen Unternehmen begonnen hatten, beschlossen die Partner der Kanzlei den Aufbau einer spezialisierten Kanzlei \u00fcberschaubarer Gr\u00f6\u00dfe, die ihren Mandanten ma\u00dfgeschneiderte Beratungen anbietet und den Erwartungen der Mandanten an Kompetenz, Reaktionsf\u00e4higkeit und Verf\u00fcgbarkeit vollumf\u00e4nglich gerecht werden kann.<\/p>\n<p>Besondere Schwerpunkte der Kanzlei Ravetto Associ\u00e9s sind die gesetzlichen und verordnungsrechtlichen, regulatorischen, vertraglichen, unternehmerischen und finanziellen Aspekte des Strom-, Gas- und W\u00e4rmesektors.<\/p>\n<p>Auch im Bereich des \u00f6ffentlichen Wirtschaftsrechts und insbesondere des Vergaberechts besitzt sie ein umfangreiches Know-how, das sie sowohl lokalen und nationalen \u00f6ffentlichen Akteuren als auch franz\u00f6sischen und ausl\u00e4ndischen Privatunternehmen zur Verf\u00fcgung stellt.<\/p>\n<p>Die Vielfalt der Mandanten in Bezug auf Profil, Status, Nationalit\u00e4t und Gr\u00f6\u00dfe zeugt von der Zuverl\u00e4ssigkeit und Anpassungsf\u00e4higkeit dieser Kanzlei.<\/p>\n<p><strong>Ravetto Associ\u00e9s wendet sich an Versorger, Erzeuger, Verbraucher, Verteilnetzbetreiber, Regulierer, Unternehmen und Gebietsk\u00f6rperschaften sowie an Banken und Investmentfonds.<\/strong><\/p>\n<p>Die aus vierzehn Anw\u00e4lten und Juristen bestehende Kanzlei ist im Herzen von Paris in der N\u00e4he des Bahnhofs Saint-Lazare ans\u00e4ssig.<\/p>\n","protected":false},"excerpt":{"rendered":"<p>\u2026 steht die Kanzlei Ravetto Associ\u00e9s an der Seite privater und \u00f6ffentlicher Akteure. Die auf den Energiesektor spezialisierte Kanzlei Ravetto Associ\u00e9s wurde im Februar 2009 gegr\u00fcndet. Nachdem sie ihre Karrieren in renommierten franz\u00f6sischen und angels\u00e4chsischen Unternehmen begonnen hatten, beschlossen die Partner der Kanzlei den Aufbau einer spezialisierten Kanzlei \u00fcberschaubarer Gr\u00f6\u00dfe, die ihren Mandanten ma\u00dfgeschneiderte Beratungen [&hellip;]<\/p>\n","protected":false},"author":1,"featured_media":872,"parent":0,"menu_order":0,"comment_status":"closed","ping_status":"closed","template":"page-templates\/about-template.php","meta":{"_acf_changed":false,"footnotes":""},"acf":[],"yoast_head":"<!-- This site is optimized with the Yoast SEO plugin v22.9 - https:\/\/yoast.com\/wordpress\/plugins\/seo\/ -->\n<title>Als spezialist im energiesektor - Ravetto Associ\u00e9s | Avocats \u00e0 la Cour<\/title>\n<meta name=\"description\" content=\"Le cabinet Ravetto Associ\u00e9s est particuli\u00e8rement actif sur les aspects l\u00e9gaux et r\u00e9glementaires, r\u00e9gulatoires, contractuels, corporate et financiers dans les secteurs de l\u2019\u00e9lectricit\u00e9, du gaz et de la chaleur.\" \/>\n<meta name=\"robots\" content=\"index, follow, max-snippet:-1, max-image-preview:large, max-video-preview:-1\" \/>\n<link rel=\"canonical\" href=\"https:\/\/ravetto-associes.fr\/de\/als-spezialist-im-energiesektor\/\" \/>\n<meta property=\"og:locale\" content=\"de_DE\" \/>\n<meta property=\"og:type\" content=\"article\" \/>\n<meta property=\"og:title\" content=\"Als spezialist im energiesektor - Ravetto Associ\u00e9s | Avocats \u00e0 la Cour\" \/>\n<meta property=\"og:description\" content=\"Le cabinet Ravetto Associ\u00e9s est particuli\u00e8rement actif sur les aspects l\u00e9gaux et r\u00e9glementaires, r\u00e9gulatoires, contractuels, corporate et financiers dans les secteurs de l\u2019\u00e9lectricit\u00e9, du gaz et de la chaleur.\" \/>\n<meta property=\"og:url\" content=\"https:\/\/ravetto-associes.fr\/de\/als-spezialist-im-energiesektor\/\" \/>\n<meta property=\"og:site_name\" content=\"Ravetto Associ\u00e9s | Avocats \u00e0 la Cour\" \/>\n<meta property=\"article:modified_time\" content=\"2019-10-16T08:07:34+00:00\" \/>\n<meta property=\"og:image\" content=\"https:\/\/ravetto-associes.fr\/wp-content\/uploads\/2019\/01\/michael-olsen-411059-unsplash2-e1553692454193.jpg\" \/>\n\t<meta property=\"og:image:width\" content=\"450\" \/>\n\t<meta property=\"og:image:height\" content=\"316\" \/>\n\t<meta property=\"og:image:type\" content=\"image\/jpeg\" \/>\n<meta name=\"twitter:card\" content=\"summary_large_image\" \/>\n<meta name=\"twitter:label1\" content=\"Gesch\u00e4tzte Lesezeit\" \/>\n\t<meta name=\"twitter:data1\" content=\"1\u00a0Minute\" \/>\n<script type=\"application\/ld+json\" class=\"yoast-schema-graph\">{\"@context\":\"https:\/\/schema.org\",\"@graph\":[{\"@type\":\"WebPage\",\"@id\":\"https:\/\/ravetto-associes.fr\/de\/als-spezialist-im-energiesektor\/\",\"url\":\"https:\/\/ravetto-associes.fr\/de\/als-spezialist-im-energiesektor\/\",\"name\":\"Als spezialist im energiesektor - Ravetto Associ\u00e9s | Avocats \u00e0 la Cour\",\"isPartOf\":{\"@id\":\"https:\/\/ravetto-associes.fr\/#website\"},\"primaryImageOfPage\":{\"@id\":\"https:\/\/ravetto-associes.fr\/de\/als-spezialist-im-energiesektor\/#primaryimage\"},\"image\":{\"@id\":\"https:\/\/ravetto-associes.fr\/de\/als-spezialist-im-energiesektor\/#primaryimage\"},\"thumbnailUrl\":\"https:\/\/ravetto-associes.fr\/wp-content\/uploads\/2019\/01\/michael-olsen-411059-unsplash2-e1553692454193.jpg\",\"datePublished\":\"2019-01-11T18:11:05+00:00\",\"dateModified\":\"2019-10-16T08:07:34+00:00\",\"description\":\"Le cabinet Ravetto Associ\u00e9s est particuli\u00e8rement actif sur les aspects l\u00e9gaux et r\u00e9glementaires, r\u00e9gulatoires, contractuels, corporate et financiers dans les secteurs de l\u2019\u00e9lectricit\u00e9, du gaz et de la chaleur.\",\"breadcrumb\":{\"@id\":\"https:\/\/ravetto-associes.fr\/de\/als-spezialist-im-energiesektor\/#breadcrumb\"},\"inLanguage\":\"de\",\"potentialAction\":[{\"@type\":\"ReadAction\",\"target\":[\"https:\/\/ravetto-associes.fr\/de\/als-spezialist-im-energiesektor\/\"]}]},{\"@type\":\"ImageObject\",\"inLanguage\":\"de\",\"@id\":\"https:\/\/ravetto-associes.fr\/de\/als-spezialist-im-energiesektor\/#primaryimage\",\"url\":\"https:\/\/ravetto-associes.fr\/wp-content\/uploads\/2019\/01\/michael-olsen-411059-unsplash2-e1553692454193.jpg\",\"contentUrl\":\"https:\/\/ravetto-associes.fr\/wp-content\/uploads\/2019\/01\/michael-olsen-411059-unsplash2-e1553692454193.jpg\",\"width\":450,\"height\":316},{\"@type\":\"BreadcrumbList\",\"@id\":\"https:\/\/ravetto-associes.fr\/de\/als-spezialist-im-energiesektor\/#breadcrumb\",\"itemListElement\":[{\"@type\":\"ListItem\",\"position\":1,\"name\":\"Accueil\",\"item\":\"https:\/\/ravetto-associes.fr\/de\/accueil\/\"},{\"@type\":\"ListItem\",\"position\":2,\"name\":\"Als spezialist im energiesektor\"}]},{\"@type\":\"WebSite\",\"@id\":\"https:\/\/ravetto-associes.fr\/#website\",\"url\":\"https:\/\/ravetto-associes.fr\/\",\"name\":\"Ravetto Associ\u00e9s | Avocats \u00e0 la Cour\",\"description\":\"\",\"publisher\":{\"@id\":\"https:\/\/ravetto-associes.fr\/#organization\"},\"potentialAction\":[{\"@type\":\"SearchAction\",\"target\":{\"@type\":\"EntryPoint\",\"urlTemplate\":\"https:\/\/ravetto-associes.fr\/?s={search_term_string}\"},\"query-input\":\"required name=search_term_string\"}],\"inLanguage\":\"de\"},{\"@type\":\"Organization\",\"@id\":\"https:\/\/ravetto-associes.fr\/#organization\",\"name\":\"Ravetto Associ\u00e9s\",\"url\":\"https:\/\/ravetto-associes.fr\/\",\"logo\":{\"@type\":\"ImageObject\",\"inLanguage\":\"de\",\"@id\":\"https:\/\/ravetto-associes.fr\/#\/schema\/logo\/image\/\",\"url\":\"https:\/\/ravetto-associes.fr\/wp-content\/uploads\/2019\/01\/logo-ravetto-associes@2x.png\",\"contentUrl\":\"https:\/\/ravetto-associes.fr\/wp-content\/uploads\/2019\/01\/logo-ravetto-associes@2x.png\",\"width\":981,\"height\":196,\"caption\":\"Ravetto Associ\u00e9s\"},\"image\":{\"@id\":\"https:\/\/ravetto-associes.fr\/#\/schema\/logo\/image\/\"}}]}<\/script>\n<!-- \/ Yoast SEO plugin. -->","yoast_head_json":{"title":"Als spezialist im energiesektor - Ravetto Associ\u00e9s | Avocats \u00e0 la Cour","description":"Le cabinet Ravetto Associ\u00e9s est particuli\u00e8rement actif sur les aspects l\u00e9gaux et r\u00e9glementaires, r\u00e9gulatoires, contractuels, corporate et financiers dans les secteurs de l\u2019\u00e9lectricit\u00e9, du gaz et de la chaleur.","robots":{"index":"index","follow":"follow","max-snippet":"max-snippet:-1","max-image-preview":"max-image-preview:large","max-video-preview":"max-video-preview:-1"},"canonical":"https:\/\/ravetto-associes.fr\/de\/als-spezialist-im-energiesektor\/","og_locale":"de_DE","og_type":"article","og_title":"Als spezialist im energiesektor - Ravetto Associ\u00e9s | Avocats \u00e0 la Cour","og_description":"Le cabinet Ravetto Associ\u00e9s est particuli\u00e8rement actif sur les aspects l\u00e9gaux et r\u00e9glementaires, r\u00e9gulatoires, contractuels, corporate et financiers dans les secteurs de l\u2019\u00e9lectricit\u00e9, du gaz et de la chaleur.","og_url":"https:\/\/ravetto-associes.fr\/de\/als-spezialist-im-energiesektor\/","og_site_name":"Ravetto Associ\u00e9s | Avocats \u00e0 la Cour","article_modified_time":"2019-10-16T08:07:34+00:00","og_image":[{"width":450,"height":316,"url":"https:\/\/ravetto-associes.fr\/wp-content\/uploads\/2019\/01\/michael-olsen-411059-unsplash2-e1553692454193.jpg","type":"image\/jpeg"}],"twitter_card":"summary_large_image","twitter_misc":{"Gesch\u00e4tzte Lesezeit":"1\u00a0Minute"},"schema":{"@context":"https:\/\/schema.org","@graph":[{"@type":"WebPage","@id":"https:\/\/ravetto-associes.fr\/de\/als-spezialist-im-energiesektor\/","url":"https:\/\/ravetto-associes.fr\/de\/als-spezialist-im-energiesektor\/","name":"Als spezialist im energiesektor - Ravetto Associ\u00e9s | Avocats \u00e0 la Cour","isPartOf":{"@id":"https:\/\/ravetto-associes.fr\/#website"},"primaryImageOfPage":{"@id":"https:\/\/ravetto-associes.fr\/de\/als-spezialist-im-energiesektor\/#primaryimage"},"image":{"@id":"https:\/\/ravetto-associes.fr\/de\/als-spezialist-im-energiesektor\/#primaryimage"},"thumbnailUrl":"https:\/\/ravetto-associes.fr\/wp-content\/uploads\/2019\/01\/michael-olsen-411059-unsplash2-e1553692454193.jpg","datePublished":"2019-01-11T18:11:05+00:00","dateModified":"2019-10-16T08:07:34+00:00","description":"Le cabinet Ravetto Associ\u00e9s est particuli\u00e8rement actif sur les aspects l\u00e9gaux et r\u00e9glementaires, r\u00e9gulatoires, contractuels, corporate et financiers dans les secteurs de l\u2019\u00e9lectricit\u00e9, du gaz et de la chaleur.","breadcrumb":{"@id":"https:\/\/ravetto-associes.fr\/de\/als-spezialist-im-energiesektor\/#breadcrumb"},"inLanguage":"de","potentialAction":[{"@type":"ReadAction","target":["https:\/\/ravetto-associes.fr\/de\/als-spezialist-im-energiesektor\/"]}]},{"@type":"ImageObject","inLanguage":"de","@id":"https:\/\/ravetto-associes.fr\/de\/als-spezialist-im-energiesektor\/#primaryimage","url":"https:\/\/ravetto-associes.fr\/wp-content\/uploads\/2019\/01\/michael-olsen-411059-unsplash2-e1553692454193.jpg","contentUrl":"https:\/\/ravetto-associes.fr\/wp-content\/uploads\/2019\/01\/michael-olsen-411059-unsplash2-e1553692454193.jpg","width":450,"height":316},{"@type":"BreadcrumbList","@id":"https:\/\/ravetto-associes.fr\/de\/als-spezialist-im-energiesektor\/#breadcrumb","itemListElement":[{"@type":"ListItem","position":1,"name":"Accueil","item":"https:\/\/ravetto-associes.fr\/de\/accueil\/"},{"@type":"ListItem","position":2,"name":"Als spezialist im energiesektor"}]},{"@type":"WebSite","@id":"https:\/\/ravetto-associes.fr\/#website","url":"https:\/\/ravetto-associes.fr\/","name":"Ravetto Associ\u00e9s | Avocats \u00e0 la Cour","description":"","publisher":{"@id":"https:\/\/ravetto-associes.fr\/#organization"},"potentialAction":[{"@type":"SearchAction","target":{"@type":"EntryPoint","urlTemplate":"https:\/\/ravetto-associes.fr\/?s={search_term_string}"},"query-input":"required name=search_term_string"}],"inLanguage":"de"},{"@type":"Organization","@id":"https:\/\/ravetto-associes.fr\/#organization","name":"Ravetto Associ\u00e9s","url":"https:\/\/ravetto-associes.fr\/","logo":{"@type":"ImageObject","inLanguage":"de","@id":"https:\/\/ravetto-associes.fr\/#\/schema\/logo\/image\/","url":"https:\/\/ravetto-associes.fr\/wp-content\/uploads\/2019\/01\/logo-ravetto-associes@2x.png","contentUrl":"https:\/\/ravetto-associes.fr\/wp-content\/uploads\/2019\/01\/logo-ravetto-associes@2x.png","width":981,"height":196,"caption":"Ravetto Associ\u00e9s"},"image":{"@id":"https:\/\/ravetto-associes.fr\/#\/schema\/logo\/image\/"}}]}},"_links":{"self":[{"href":"https:\/\/ravetto-associes.fr\/de\/wp-json\/wp\/v2\/pages\/996"}],"collection":[{"href":"https:\/\/ravetto-associes.fr\/de\/wp-json\/wp\/v2\/pages"}],"about":[{"href":"https:\/\/ravetto-associes.fr\/de\/wp-json\/wp\/v2\/types\/page"}],"author":[{"embeddable":true,"href":"https:\/\/ravetto-associes.fr\/de\/wp-json\/wp\/v2\/users\/1"}],"replies":[{"embeddable":true,"href":"https:\/\/ravetto-associes.fr\/de\/wp-json\/wp\/v2\/comments?post=996"}],"version-history":[{"count":8,"href":"https:\/\/ravetto-associes.fr\/de\/wp-json\/wp\/v2\/pages\/996\/revisions"}],"predecessor-version":[{"id":1266,"href":"https:\/\/ravetto-associes.fr\/de\/wp-json\/wp\/v2\/pages\/996\/revisions\/1266"}],"wp:featuredmedia":[{"embeddable":true,"href":"https:\/\/ravetto-associes.fr\/de\/wp-json\/wp\/v2\/media\/872"}],"wp:attachment":[{"href":"https:\/\/ravetto-associes.fr\/de\/wp-json\/wp\/v2\/media?parent=996"}],"curies":[{"name":"wp","href":"https:\/\/api.w.org\/{rel}","templated":true}]}}