{"id":243,"date":"2019-01-16T10:57:10","date_gmt":"2019-01-16T09:57:10","guid":{"rendered":"http:\/\/ravetto-associes.fr\/?page_id=243"},"modified":"2020-01-23T11:35:33","modified_gmt":"2020-01-23T10:35:33","slug":"legal-notice","status":"publish","type":"page","link":"https:\/\/ravetto-associes.fr\/en\/legal-notice\/","title":{"rendered":"Legal Notice"},"content":{"rendered":"<p>Publisher of the Website<br \/>\nRAVETTO ASSOCI\u00c9S, 19, RUE DE MILAN, 75009 PARIS<br \/>\nTel.: 01 80 48 12 60<\/p>\n<p>Publication Director: Paul RAVETTO<br \/>\nWebsite Design: <a href=\"http:\/\/www.cartonrouge.fr\/\">Carton Rouge<\/a>, agence conseil en communication print et digital<br \/>\nHost: <a href=\"https:\/\/www.infomaniak.com\/en\" target=\"_blank\" rel=\"noopener noreferrer\">Infomaniak<\/a><\/p>\n<h3>Conditions of Use<\/h3>\n<p>This website https:\/\/www.ravetto-associes.fr (hereinafter the Website) is offered in different web languages (HTML, HTML5, JavaScript, CSS, etc.). For ease of use and a more pleasant visual experience, we recommend you use modern browsers such as Firefox, Google Chrome, Opera, etc.<\/p>\n<p>RAVETTO ASSOCI\u00c9S does its utmost to ensure that information on this website is trustworthy and that this information is up to date. Nonetheless, errors or omissions might occur. Each internet user must therefore ensure that this information is accurate and bring any suggested modifications to the attention of the appropriate parties. RAVETTO ASSOCI\u00c9S declines all liability for the use made of such information and for any direct or indirect damages that might result therefrom.<\/p>\n<h3>Cookies<\/h3>\n<p>The Website is required to ask you to accept cookies in order to compile anonymous statistics about visits to the Website. A cookie or tracer is a file saved on your hard drive by the server of the website you are visiting. Some parts of this site might only be functional if you accept cookies.<\/p>\n<p>Cookie Publisher: Google Analytics (ga)<\/p>\n<p>Description: allows us to measure visits to our Website<\/p>\n<p>Cookies are kept for: 1 year<\/p>\n<p>You can delete any cookies already installed on your computer through your web browser, but you can also program your browser to prevent the installation of cookies on your computer. Here are the ways to do this from within the browser you are using. How can you make this choice from the browser you are using? Each browser is configured differently for the management of cookies and choices related to them. This is described in the Help menu of your browser, which will inform you how to modify your choices regarding cookies.<\/p>\n<p>For Internet Explorer&#x2122;:<\/p>\n<p>http:\/\/windows.microsoft.com\/fr-FR\/windows-vista\/Block-or-allow-cookies<\/p>\n<p>For Safari&#x2122;:<\/p>\n<p>https:\/\/support.apple.com\/kb\/PH21411?viewlocale=en_US&#038;locale=en_US<\/p>\n<p>For Chrome&#x2122;:<\/p>\n<p>http:\/\/support.google.com\/chrome\/bin\/answer.py?hl=fr&#038;hlrm=en&#038;answer=95647<\/p>\n<p>For Firefox&#x2122;:<\/p>\n<p>http:\/\/support.mozilla.org\/fr\/kb\/Activer%20et%20d%C3%A9sactiver%20les%20cookies<\/p>\n<p>For Opera&#x2122;: http:\/\/help.opera.com\/Windows\/10.20\/fr\/cookies.html<\/p>\n<h3>Hypertext Links<\/h3>\n<p>The Website might contain hypertext links towards websites of partners of RAVETTO ASSOCI\u00c9S or to third-party websites. RAVETTO ASSOCI\u00c9S has no control over these websites and therefore accepts no liability as to the availability of these websites, their content, advertising, products and\/or services available on or from those websites. The creation of hyperlinks linking to our Website is subject to the prior approval of RAVETTO ASSOCI\u00c9S.<\/p>\n<h3>Services Provided<\/h3>\n<p>This Website presents our company and its activities. RAVETTO ASSOCI\u00c9S attempts to provide information that is as precise as possible on our Website. Information on this Website is not exhaustive and photos are not contractually binding. The foregoing is provided subject to modifications that may have occurred since they were uploaded to the Internet. Moreover, all information on our Website is provided for informational purposes only and may change without notice.<\/p>\n<h3>Contractual Limitations on Data<\/h3>\n<p>Information contained on our Website are as precise as possible and the Website is updated at various times during the year, but it might nonetheless contain inexact information or omissions. If you notice missing information, an error, or what appears to be a technical malfunction, kindly notify it in writing by postal mail to RAVETTO ASSOCI\u00c9S, 6 square de l\u2019Op\u00e9ra Louis Jouvet, 75009 PARIS, describing the problem as precisely as possible (problematic page, type of computer and browser used, etc.).<\/p>\n<p>Any download of content from the Website is at the user\u2019s own risk and peril and is done under the user\u2019s sole liability. Consequently, RAVETTO ASSOCI\u00c9S may not be held liable for any damages suffered by the user\u2019s computer or for any loss of data resulting from downloading. Moreover, the user of the Website shall access the Website using recent equipment that contains no viruses and with an updated latest-generation browser.<\/p>\n<h3>Intellectual Property<\/h3>\n<p>All of the content on the present Website, including, non limitatively, graphics, images, texts, videos, animation, sounds, logos, gifs and icons, as well as their formatting, are the exclusive property of the company excluding brands, logos, or content that belongs to other partner companies or authors.<\/p>\n<p>Any reproduction, distribution, modification, adaptation, retransmission or publication, even partial, of any of these various elements is strictly forbidden without the prior written agreement of RAVETTO ASSOCI\u00c9S. This representation or reproduction by any means whatsoever is a violation of copyright punished by articles L.335-2 and following of the French Code of Intellectual Property. Failure to comply with this prohibition is a violation of copyright law that could result in civil and criminal penalties. Furthermore, the rightful owners of any content copied could also bring suit against you.<\/p>\n<h3>Personal Data<\/h3>\n<p>In general, you are not required to communicate any personal data when you visit our Website.<\/p>\n<p>Pursuant to Act n\u00b078-17 of 6 January 1978 relating to computer systems and liberties, you may exercise your right of access to any data concerning you and correct them by contacting us by telephone (01 80 48 12 60) or postal mail (RAVETTO ASSOCI\u00c9S, 6 square de l\u2019Op\u00e9ra Louis Jouvet, 75009 PARIS). The person responsible for handling this type of request reserves the right to refuse any request seen as abusive.<\/p>\n<p>CNIL Declaration: Pursuant to Act n\u00b078-17 of 6 January 1978 (modified by Act 2004-801 of 6 August 2004 relating to the protection of real persons against automatic processing of personal data) relating to computer systems, files, and liberties, this Website is not required to file a declaration with the Commission nationale de l\u2019informatique et des libert\u00e9s (<a href=\"http:\/\/www.cnil.fr\">www.cnil.fr<\/a>).<\/p>\n<h3>Disputes<\/h3>\n<p>The present terms and conditions of the Website are governed by the laws of France and any dispute or litigation that might arise out of the interpretation or execution of these terms and conditions shall be heard exclusively by the courts having jurisdiction over the registered headquarters of our company. The language of reference for the resolution of any possible disputes is French.<\/p>\n","protected":false},"excerpt":{"rendered":"<p>Publisher of the Website RAVETTO ASSOCI\u00c9S, 19, RUE DE MILAN, 75009 PARIS Tel.: 01 80 48 12 60 Publication Director: Paul RAVETTO Website Design: Carton Rouge, agence conseil en communication print et digital Host: Infomaniak Conditions of Use This website https:\/\/www.ravetto-associes.fr (hereinafter the Website) is offered in different web languages (HTML, HTML5, JavaScript, CSS, etc.). [&hellip;]<\/p>\n","protected":false},"author":1,"featured_media":265,"parent":0,"menu_order":0,"comment_status":"closed","ping_status":"closed","template":"","meta":{"_acf_changed":false,"footnotes":""},"acf":[],"yoast_head":"<!-- This site is optimized with the Yoast SEO plugin v22.9 - https:\/\/yoast.com\/wordpress\/plugins\/seo\/ -->\n<title>Legal Notice - Ravetto Associ\u00e9s | Avocats \u00e0 la Cour<\/title>\n<meta name=\"description\" content=\"RAVETTO ASSOCI\u00c9S does its utmost to ensure that information on this website is trustworthy and that this information is up to date.\" \/>\n<meta name=\"robots\" content=\"index, follow, max-snippet:-1, max-image-preview:large, max-video-preview:-1\" \/>\n<link rel=\"canonical\" href=\"https:\/\/ravetto-associes.fr\/en\/legal-notice\/\" \/>\n<meta property=\"og:locale\" content=\"en_US\" \/>\n<meta property=\"og:type\" content=\"article\" \/>\n<meta property=\"og:title\" content=\"Legal Notice - Ravetto Associ\u00e9s | Avocats \u00e0 la Cour\" \/>\n<meta property=\"og:description\" content=\"RAVETTO ASSOCI\u00c9S does its utmost to ensure that information on this website is trustworthy and that this information is up to date.\" \/>\n<meta property=\"og:url\" content=\"https:\/\/ravetto-associes.fr\/en\/legal-notice\/\" \/>\n<meta property=\"og:site_name\" content=\"Ravetto Associ\u00e9s | Avocats \u00e0 la Cour\" \/>\n<meta property=\"article:modified_time\" content=\"2020-01-23T10:35:33+00:00\" \/>\n<meta property=\"og:image\" content=\"https:\/\/ravetto-associes.fr\/wp-content\/uploads\/2019\/01\/allemagne-international.jpg\" \/>\n\t<meta property=\"og:image:width\" content=\"473\" \/>\n\t<meta property=\"og:image:height\" content=\"820\" \/>\n\t<meta property=\"og:image:type\" content=\"image\/jpeg\" \/>\n<meta name=\"twitter:card\" content=\"summary_large_image\" \/>\n<meta name=\"twitter:label1\" content=\"Est. reading time\" \/>\n\t<meta name=\"twitter:data1\" content=\"5 minutes\" \/>\n<script type=\"application\/ld+json\" class=\"yoast-schema-graph\">{\"@context\":\"https:\/\/schema.org\",\"@graph\":[{\"@type\":\"WebPage\",\"@id\":\"https:\/\/ravetto-associes.fr\/en\/legal-notice\/\",\"url\":\"https:\/\/ravetto-associes.fr\/en\/legal-notice\/\",\"name\":\"Legal Notice - Ravetto Associ\u00e9s | Avocats \u00e0 la Cour\",\"isPartOf\":{\"@id\":\"https:\/\/ravetto-associes.fr\/#website\"},\"primaryImageOfPage\":{\"@id\":\"https:\/\/ravetto-associes.fr\/en\/legal-notice\/#primaryimage\"},\"image\":{\"@id\":\"https:\/\/ravetto-associes.fr\/en\/legal-notice\/#primaryimage\"},\"thumbnailUrl\":\"https:\/\/ravetto-associes.fr\/wp-content\/uploads\/2019\/01\/allemagne-international.jpg\",\"datePublished\":\"2019-01-16T09:57:10+00:00\",\"dateModified\":\"2020-01-23T10:35:33+00:00\",\"description\":\"RAVETTO ASSOCI\u00c9S does its utmost to ensure that information on this website is trustworthy and that this information is up to date.\",\"breadcrumb\":{\"@id\":\"https:\/\/ravetto-associes.fr\/en\/legal-notice\/#breadcrumb\"},\"inLanguage\":\"en-US\",\"potentialAction\":[{\"@type\":\"ReadAction\",\"target\":[\"https:\/\/ravetto-associes.fr\/en\/legal-notice\/\"]}]},{\"@type\":\"ImageObject\",\"inLanguage\":\"en-US\",\"@id\":\"https:\/\/ravetto-associes.fr\/en\/legal-notice\/#primaryimage\",\"url\":\"https:\/\/ravetto-associes.fr\/wp-content\/uploads\/2019\/01\/allemagne-international.jpg\",\"contentUrl\":\"https:\/\/ravetto-associes.fr\/wp-content\/uploads\/2019\/01\/allemagne-international.jpg\",\"width\":473,\"height\":820},{\"@type\":\"BreadcrumbList\",\"@id\":\"https:\/\/ravetto-associes.fr\/en\/legal-notice\/#breadcrumb\",\"itemListElement\":[{\"@type\":\"ListItem\",\"position\":1,\"name\":\"Accueil\",\"item\":\"https:\/\/ravetto-associes.fr\/en\/accueil\/\"},{\"@type\":\"ListItem\",\"position\":2,\"name\":\"Legal Notice\"}]},{\"@type\":\"WebSite\",\"@id\":\"https:\/\/ravetto-associes.fr\/#website\",\"url\":\"https:\/\/ravetto-associes.fr\/\",\"name\":\"Ravetto Associ\u00e9s | Avocats \u00e0 la Cour\",\"description\":\"\",\"publisher\":{\"@id\":\"https:\/\/ravetto-associes.fr\/#organization\"},\"potentialAction\":[{\"@type\":\"SearchAction\",\"target\":{\"@type\":\"EntryPoint\",\"urlTemplate\":\"https:\/\/ravetto-associes.fr\/?s={search_term_string}\"},\"query-input\":\"required name=search_term_string\"}],\"inLanguage\":\"en-US\"},{\"@type\":\"Organization\",\"@id\":\"https:\/\/ravetto-associes.fr\/#organization\",\"name\":\"Ravetto Associ\u00e9s\",\"url\":\"https:\/\/ravetto-associes.fr\/\",\"logo\":{\"@type\":\"ImageObject\",\"inLanguage\":\"en-US\",\"@id\":\"https:\/\/ravetto-associes.fr\/#\/schema\/logo\/image\/\",\"url\":\"https:\/\/ravetto-associes.fr\/wp-content\/uploads\/2019\/01\/logo-ravetto-associes@2x.png\",\"contentUrl\":\"https:\/\/ravetto-associes.fr\/wp-content\/uploads\/2019\/01\/logo-ravetto-associes@2x.png\",\"width\":981,\"height\":196,\"caption\":\"Ravetto Associ\u00e9s\"},\"image\":{\"@id\":\"https:\/\/ravetto-associes.fr\/#\/schema\/logo\/image\/\"}}]}<\/script>\n<!-- \/ Yoast SEO plugin. -->","yoast_head_json":{"title":"Legal Notice - Ravetto Associ\u00e9s | Avocats \u00e0 la Cour","description":"RAVETTO ASSOCI\u00c9S does its utmost to ensure that information on this website is trustworthy and that this information is up to date.","robots":{"index":"index","follow":"follow","max-snippet":"max-snippet:-1","max-image-preview":"max-image-preview:large","max-video-preview":"max-video-preview:-1"},"canonical":"https:\/\/ravetto-associes.fr\/en\/legal-notice\/","og_locale":"en_US","og_type":"article","og_title":"Legal Notice - Ravetto Associ\u00e9s | Avocats \u00e0 la Cour","og_description":"RAVETTO ASSOCI\u00c9S does its utmost to ensure that information on this website is trustworthy and that this information is up to date.","og_url":"https:\/\/ravetto-associes.fr\/en\/legal-notice\/","og_site_name":"Ravetto Associ\u00e9s | Avocats \u00e0 la Cour","article_modified_time":"2020-01-23T10:35:33+00:00","og_image":[{"width":473,"height":820,"url":"https:\/\/ravetto-associes.fr\/wp-content\/uploads\/2019\/01\/allemagne-international.jpg","type":"image\/jpeg"}],"twitter_card":"summary_large_image","twitter_misc":{"Est. reading time":"5 minutes"},"schema":{"@context":"https:\/\/schema.org","@graph":[{"@type":"WebPage","@id":"https:\/\/ravetto-associes.fr\/en\/legal-notice\/","url":"https:\/\/ravetto-associes.fr\/en\/legal-notice\/","name":"Legal Notice - Ravetto Associ\u00e9s | Avocats \u00e0 la Cour","isPartOf":{"@id":"https:\/\/ravetto-associes.fr\/#website"},"primaryImageOfPage":{"@id":"https:\/\/ravetto-associes.fr\/en\/legal-notice\/#primaryimage"},"image":{"@id":"https:\/\/ravetto-associes.fr\/en\/legal-notice\/#primaryimage"},"thumbnailUrl":"https:\/\/ravetto-associes.fr\/wp-content\/uploads\/2019\/01\/allemagne-international.jpg","datePublished":"2019-01-16T09:57:10+00:00","dateModified":"2020-01-23T10:35:33+00:00","description":"RAVETTO ASSOCI\u00c9S does its utmost to ensure that information on this website is trustworthy and that this information is up to date.","breadcrumb":{"@id":"https:\/\/ravetto-associes.fr\/en\/legal-notice\/#breadcrumb"},"inLanguage":"en-US","potentialAction":[{"@type":"ReadAction","target":["https:\/\/ravetto-associes.fr\/en\/legal-notice\/"]}]},{"@type":"ImageObject","inLanguage":"en-US","@id":"https:\/\/ravetto-associes.fr\/en\/legal-notice\/#primaryimage","url":"https:\/\/ravetto-associes.fr\/wp-content\/uploads\/2019\/01\/allemagne-international.jpg","contentUrl":"https:\/\/ravetto-associes.fr\/wp-content\/uploads\/2019\/01\/allemagne-international.jpg","width":473,"height":820},{"@type":"BreadcrumbList","@id":"https:\/\/ravetto-associes.fr\/en\/legal-notice\/#breadcrumb","itemListElement":[{"@type":"ListItem","position":1,"name":"Accueil","item":"https:\/\/ravetto-associes.fr\/en\/accueil\/"},{"@type":"ListItem","position":2,"name":"Legal Notice"}]},{"@type":"WebSite","@id":"https:\/\/ravetto-associes.fr\/#website","url":"https:\/\/ravetto-associes.fr\/","name":"Ravetto Associ\u00e9s | Avocats \u00e0 la Cour","description":"","publisher":{"@id":"https:\/\/ravetto-associes.fr\/#organization"},"potentialAction":[{"@type":"SearchAction","target":{"@type":"EntryPoint","urlTemplate":"https:\/\/ravetto-associes.fr\/?s={search_term_string}"},"query-input":"required name=search_term_string"}],"inLanguage":"en-US"},{"@type":"Organization","@id":"https:\/\/ravetto-associes.fr\/#organization","name":"Ravetto Associ\u00e9s","url":"https:\/\/ravetto-associes.fr\/","logo":{"@type":"ImageObject","inLanguage":"en-US","@id":"https:\/\/ravetto-associes.fr\/#\/schema\/logo\/image\/","url":"https:\/\/ravetto-associes.fr\/wp-content\/uploads\/2019\/01\/logo-ravetto-associes@2x.png","contentUrl":"https:\/\/ravetto-associes.fr\/wp-content\/uploads\/2019\/01\/logo-ravetto-associes@2x.png","width":981,"height":196,"caption":"Ravetto Associ\u00e9s"},"image":{"@id":"https:\/\/ravetto-associes.fr\/#\/schema\/logo\/image\/"}}]}},"_links":{"self":[{"href":"https:\/\/ravetto-associes.fr\/en\/wp-json\/wp\/v2\/pages\/243"}],"collection":[{"href":"https:\/\/ravetto-associes.fr\/en\/wp-json\/wp\/v2\/pages"}],"about":[{"href":"https:\/\/ravetto-associes.fr\/en\/wp-json\/wp\/v2\/types\/page"}],"author":[{"embeddable":true,"href":"https:\/\/ravetto-associes.fr\/en\/wp-json\/wp\/v2\/users\/1"}],"replies":[{"embeddable":true,"href":"https:\/\/ravetto-associes.fr\/en\/wp-json\/wp\/v2\/comments?post=243"}],"version-history":[{"count":7,"href":"https:\/\/ravetto-associes.fr\/en\/wp-json\/wp\/v2\/pages\/243\/revisions"}],"predecessor-version":[{"id":1314,"href":"https:\/\/ravetto-associes.fr\/en\/wp-json\/wp\/v2\/pages\/243\/revisions\/1314"}],"wp:featuredmedia":[{"embeddable":true,"href":"https:\/\/ravetto-associes.fr\/en\/wp-json\/wp\/v2\/media\/265"}],"wp:attachment":[{"href":"https:\/\/ravetto-associes.fr\/en\/wp-json\/wp\/v2\/media?parent=243"}],"curies":[{"name":"wp","href":"https:\/\/api.w.org\/{rel}","templated":true}]}}