{"id":378,"date":"2019-01-11T19:11:05","date_gmt":"2019-01-11T18:11:05","guid":{"rendered":"http:\/\/ravetto-associes.fr\/specialiste-du-secteur-de-lenergie\/"},"modified":"2019-10-16T10:00:50","modified_gmt":"2019-10-16T08:00:50","slug":"specialists-of-energy-sector","status":"publish","type":"page","link":"https:\/\/ravetto-associes.fr\/en\/specialists-of-energy-sector\/","title":{"rendered":"SPECIALISTS OF THE ENERGY SECTOR\u2026"},"content":{"rendered":"<h2>\u2026Ravetto Associ\u00e9s law firm is the partner of the public and private sectors.<\/h2>\n<p><strong>Ravetto Associ\u00e9s, a law firm exclusively specialized in the energy industry, was founded in February 2009.<\/strong><\/p>\n<p>After beginning their careers in prestigious French and Anglo-American firms, Ravetto Associ\u00e9s\u2019 founding partners chose to create a human-sized firm in order to bring their clients tailored advice and to meet their expectations in terms of expertise, responsiveness, and availability.<\/p>\n<p>Specifically, Ravetto Associ\u00e9s focuses on the legal, regulatory, contractual, corporate and financial aspects of the electricity, gas, and heat production industries.<\/p>\n<p>The firm&#8217;s expertise also encompasses public business law, particularly public procurement law, and it represents the interests of local and national public authorities, as well as those of French and foreign corporate clients.<\/p>\n<p>Our firm&#8217;s clients vary in profile, status, nationality, and size, which bears testimony to our reliability and adaptability.<\/p>\n<p>Ravetto Associ\u00e9s serves suppliers, producers, consumers, distributors, regulators, public corporations and local governments, banks and investment funds.<\/p>\n<p>Composed of a team of fourteen lawyers, Ravetto Associ\u00e9s is located near the Saint-Lazare train station, in the heart of Paris.<\/p>\n","protected":false},"excerpt":{"rendered":"<p>\u2026Ravetto Associ\u00e9s law firm is the partner of the public and private sectors. Ravetto Associ\u00e9s, a law firm exclusively specialized in the energy industry, was founded in February 2009. After beginning their careers in prestigious French and Anglo-American firms, Ravetto Associ\u00e9s\u2019 founding partners chose to create a human-sized firm in order to bring their clients [&hellip;]<\/p>\n","protected":false},"author":1,"featured_media":210,"parent":0,"menu_order":0,"comment_status":"closed","ping_status":"closed","template":"page-templates\/about-template.php","meta":{"_acf_changed":false,"footnotes":""},"acf":[],"yoast_head":"<!-- This site is optimized with the Yoast SEO plugin v22.9 - https:\/\/yoast.com\/wordpress\/plugins\/seo\/ -->\n<title>SPECIALISTS OF THE ENERGY SECTOR\u2026 - Ravetto Associ\u00e9s | Avocats \u00e0 la Cour<\/title>\n<meta name=\"description\" content=\"Ravetto Associ\u00e9s, a law firm exclusively specialized in the energy industry, was founded in February 2009.\" \/>\n<meta name=\"robots\" content=\"index, follow, max-snippet:-1, max-image-preview:large, max-video-preview:-1\" \/>\n<link rel=\"canonical\" href=\"https:\/\/ravetto-associes.fr\/en\/specialists-of-energy-sector\/\" \/>\n<meta property=\"og:locale\" content=\"en_US\" \/>\n<meta property=\"og:type\" content=\"article\" \/>\n<meta property=\"og:title\" content=\"SPECIALISTS OF THE ENERGY SECTOR\u2026 - Ravetto Associ\u00e9s | Avocats \u00e0 la Cour\" \/>\n<meta property=\"og:description\" content=\"Ravetto Associ\u00e9s, a law firm exclusively specialized in the energy industry, was founded in February 2009.\" \/>\n<meta property=\"og:url\" content=\"https:\/\/ravetto-associes.fr\/en\/specialists-of-energy-sector\/\" \/>\n<meta property=\"og:site_name\" content=\"Ravetto Associ\u00e9s | Avocats \u00e0 la Cour\" \/>\n<meta property=\"article:modified_time\" content=\"2019-10-16T08:00:50+00:00\" \/>\n<meta property=\"og:image\" content=\"https:\/\/ravetto-associes.fr\/wp-content\/uploads\/2019\/01\/michael-olsen-411059-unsplash2.jpg\" \/>\n\t<meta property=\"og:image:width\" content=\"1397\" \/>\n\t<meta property=\"og:image:height\" content=\"981\" \/>\n\t<meta property=\"og:image:type\" content=\"image\/jpeg\" \/>\n<meta name=\"twitter:card\" content=\"summary_large_image\" \/>\n<meta name=\"twitter:label1\" content=\"Est. reading time\" \/>\n\t<meta name=\"twitter:data1\" content=\"1 minute\" \/>\n<script type=\"application\/ld+json\" class=\"yoast-schema-graph\">{\"@context\":\"https:\/\/schema.org\",\"@graph\":[{\"@type\":\"WebPage\",\"@id\":\"https:\/\/ravetto-associes.fr\/en\/specialists-of-energy-sector\/\",\"url\":\"https:\/\/ravetto-associes.fr\/en\/specialists-of-energy-sector\/\",\"name\":\"SPECIALISTS OF THE ENERGY SECTOR\u2026 - Ravetto Associ\u00e9s | Avocats \u00e0 la Cour\",\"isPartOf\":{\"@id\":\"https:\/\/ravetto-associes.fr\/#website\"},\"primaryImageOfPage\":{\"@id\":\"https:\/\/ravetto-associes.fr\/en\/specialists-of-energy-sector\/#primaryimage\"},\"image\":{\"@id\":\"https:\/\/ravetto-associes.fr\/en\/specialists-of-energy-sector\/#primaryimage\"},\"thumbnailUrl\":\"https:\/\/ravetto-associes.fr\/wp-content\/uploads\/2019\/01\/michael-olsen-411059-unsplash2.jpg\",\"datePublished\":\"2019-01-11T18:11:05+00:00\",\"dateModified\":\"2019-10-16T08:00:50+00:00\",\"description\":\"Ravetto Associ\u00e9s, a law firm exclusively specialized in the energy industry, was founded in February 2009.\",\"breadcrumb\":{\"@id\":\"https:\/\/ravetto-associes.fr\/en\/specialists-of-energy-sector\/#breadcrumb\"},\"inLanguage\":\"en-US\",\"potentialAction\":[{\"@type\":\"ReadAction\",\"target\":[\"https:\/\/ravetto-associes.fr\/en\/specialists-of-energy-sector\/\"]}]},{\"@type\":\"ImageObject\",\"inLanguage\":\"en-US\",\"@id\":\"https:\/\/ravetto-associes.fr\/en\/specialists-of-energy-sector\/#primaryimage\",\"url\":\"https:\/\/ravetto-associes.fr\/wp-content\/uploads\/2019\/01\/michael-olsen-411059-unsplash2.jpg\",\"contentUrl\":\"https:\/\/ravetto-associes.fr\/wp-content\/uploads\/2019\/01\/michael-olsen-411059-unsplash2.jpg\",\"width\":1397,\"height\":981},{\"@type\":\"BreadcrumbList\",\"@id\":\"https:\/\/ravetto-associes.fr\/en\/specialists-of-energy-sector\/#breadcrumb\",\"itemListElement\":[{\"@type\":\"ListItem\",\"position\":1,\"name\":\"Accueil\",\"item\":\"https:\/\/ravetto-associes.fr\/en\/accueil\/\"},{\"@type\":\"ListItem\",\"position\":2,\"name\":\"SPECIALISTS OF THE ENERGY SECTOR\u2026\"}]},{\"@type\":\"WebSite\",\"@id\":\"https:\/\/ravetto-associes.fr\/#website\",\"url\":\"https:\/\/ravetto-associes.fr\/\",\"name\":\"Ravetto Associ\u00e9s | Avocats \u00e0 la Cour\",\"description\":\"\",\"publisher\":{\"@id\":\"https:\/\/ravetto-associes.fr\/#organization\"},\"potentialAction\":[{\"@type\":\"SearchAction\",\"target\":{\"@type\":\"EntryPoint\",\"urlTemplate\":\"https:\/\/ravetto-associes.fr\/?s={search_term_string}\"},\"query-input\":\"required name=search_term_string\"}],\"inLanguage\":\"en-US\"},{\"@type\":\"Organization\",\"@id\":\"https:\/\/ravetto-associes.fr\/#organization\",\"name\":\"Ravetto Associ\u00e9s\",\"url\":\"https:\/\/ravetto-associes.fr\/\",\"logo\":{\"@type\":\"ImageObject\",\"inLanguage\":\"en-US\",\"@id\":\"https:\/\/ravetto-associes.fr\/#\/schema\/logo\/image\/\",\"url\":\"https:\/\/ravetto-associes.fr\/wp-content\/uploads\/2019\/01\/logo-ravetto-associes@2x.png\",\"contentUrl\":\"https:\/\/ravetto-associes.fr\/wp-content\/uploads\/2019\/01\/logo-ravetto-associes@2x.png\",\"width\":981,\"height\":196,\"caption\":\"Ravetto Associ\u00e9s\"},\"image\":{\"@id\":\"https:\/\/ravetto-associes.fr\/#\/schema\/logo\/image\/\"}}]}<\/script>\n<!-- \/ Yoast SEO plugin. -->","yoast_head_json":{"title":"SPECIALISTS OF THE ENERGY SECTOR\u2026 - Ravetto Associ\u00e9s | Avocats \u00e0 la Cour","description":"Ravetto Associ\u00e9s, a law firm exclusively specialized in the energy industry, was founded in February 2009.","robots":{"index":"index","follow":"follow","max-snippet":"max-snippet:-1","max-image-preview":"max-image-preview:large","max-video-preview":"max-video-preview:-1"},"canonical":"https:\/\/ravetto-associes.fr\/en\/specialists-of-energy-sector\/","og_locale":"en_US","og_type":"article","og_title":"SPECIALISTS OF THE ENERGY SECTOR\u2026 - Ravetto Associ\u00e9s | Avocats \u00e0 la Cour","og_description":"Ravetto Associ\u00e9s, a law firm exclusively specialized in the energy industry, was founded in February 2009.","og_url":"https:\/\/ravetto-associes.fr\/en\/specialists-of-energy-sector\/","og_site_name":"Ravetto Associ\u00e9s | Avocats \u00e0 la Cour","article_modified_time":"2019-10-16T08:00:50+00:00","og_image":[{"width":1397,"height":981,"url":"https:\/\/ravetto-associes.fr\/wp-content\/uploads\/2019\/01\/michael-olsen-411059-unsplash2.jpg","type":"image\/jpeg"}],"twitter_card":"summary_large_image","twitter_misc":{"Est. reading time":"1 minute"},"schema":{"@context":"https:\/\/schema.org","@graph":[{"@type":"WebPage","@id":"https:\/\/ravetto-associes.fr\/en\/specialists-of-energy-sector\/","url":"https:\/\/ravetto-associes.fr\/en\/specialists-of-energy-sector\/","name":"SPECIALISTS OF THE ENERGY SECTOR\u2026 - Ravetto Associ\u00e9s | Avocats \u00e0 la Cour","isPartOf":{"@id":"https:\/\/ravetto-associes.fr\/#website"},"primaryImageOfPage":{"@id":"https:\/\/ravetto-associes.fr\/en\/specialists-of-energy-sector\/#primaryimage"},"image":{"@id":"https:\/\/ravetto-associes.fr\/en\/specialists-of-energy-sector\/#primaryimage"},"thumbnailUrl":"https:\/\/ravetto-associes.fr\/wp-content\/uploads\/2019\/01\/michael-olsen-411059-unsplash2.jpg","datePublished":"2019-01-11T18:11:05+00:00","dateModified":"2019-10-16T08:00:50+00:00","description":"Ravetto Associ\u00e9s, a law firm exclusively specialized in the energy industry, was founded in February 2009.","breadcrumb":{"@id":"https:\/\/ravetto-associes.fr\/en\/specialists-of-energy-sector\/#breadcrumb"},"inLanguage":"en-US","potentialAction":[{"@type":"ReadAction","target":["https:\/\/ravetto-associes.fr\/en\/specialists-of-energy-sector\/"]}]},{"@type":"ImageObject","inLanguage":"en-US","@id":"https:\/\/ravetto-associes.fr\/en\/specialists-of-energy-sector\/#primaryimage","url":"https:\/\/ravetto-associes.fr\/wp-content\/uploads\/2019\/01\/michael-olsen-411059-unsplash2.jpg","contentUrl":"https:\/\/ravetto-associes.fr\/wp-content\/uploads\/2019\/01\/michael-olsen-411059-unsplash2.jpg","width":1397,"height":981},{"@type":"BreadcrumbList","@id":"https:\/\/ravetto-associes.fr\/en\/specialists-of-energy-sector\/#breadcrumb","itemListElement":[{"@type":"ListItem","position":1,"name":"Accueil","item":"https:\/\/ravetto-associes.fr\/en\/accueil\/"},{"@type":"ListItem","position":2,"name":"SPECIALISTS OF THE ENERGY SECTOR\u2026"}]},{"@type":"WebSite","@id":"https:\/\/ravetto-associes.fr\/#website","url":"https:\/\/ravetto-associes.fr\/","name":"Ravetto Associ\u00e9s | Avocats \u00e0 la Cour","description":"","publisher":{"@id":"https:\/\/ravetto-associes.fr\/#organization"},"potentialAction":[{"@type":"SearchAction","target":{"@type":"EntryPoint","urlTemplate":"https:\/\/ravetto-associes.fr\/?s={search_term_string}"},"query-input":"required name=search_term_string"}],"inLanguage":"en-US"},{"@type":"Organization","@id":"https:\/\/ravetto-associes.fr\/#organization","name":"Ravetto Associ\u00e9s","url":"https:\/\/ravetto-associes.fr\/","logo":{"@type":"ImageObject","inLanguage":"en-US","@id":"https:\/\/ravetto-associes.fr\/#\/schema\/logo\/image\/","url":"https:\/\/ravetto-associes.fr\/wp-content\/uploads\/2019\/01\/logo-ravetto-associes@2x.png","contentUrl":"https:\/\/ravetto-associes.fr\/wp-content\/uploads\/2019\/01\/logo-ravetto-associes@2x.png","width":981,"height":196,"caption":"Ravetto Associ\u00e9s"},"image":{"@id":"https:\/\/ravetto-associes.fr\/#\/schema\/logo\/image\/"}}]}},"_links":{"self":[{"href":"https:\/\/ravetto-associes.fr\/en\/wp-json\/wp\/v2\/pages\/378"}],"collection":[{"href":"https:\/\/ravetto-associes.fr\/en\/wp-json\/wp\/v2\/pages"}],"about":[{"href":"https:\/\/ravetto-associes.fr\/en\/wp-json\/wp\/v2\/types\/page"}],"author":[{"embeddable":true,"href":"https:\/\/ravetto-associes.fr\/en\/wp-json\/wp\/v2\/users\/1"}],"replies":[{"embeddable":true,"href":"https:\/\/ravetto-associes.fr\/en\/wp-json\/wp\/v2\/comments?post=378"}],"version-history":[{"count":5,"href":"https:\/\/ravetto-associes.fr\/en\/wp-json\/wp\/v2\/pages\/378\/revisions"}],"predecessor-version":[{"id":1264,"href":"https:\/\/ravetto-associes.fr\/en\/wp-json\/wp\/v2\/pages\/378\/revisions\/1264"}],"wp:featuredmedia":[{"embeddable":true,"href":"https:\/\/ravetto-associes.fr\/en\/wp-json\/wp\/v2\/media\/210"}],"wp:attachment":[{"href":"https:\/\/ravetto-associes.fr\/en\/wp-json\/wp\/v2\/media?parent=378"}],"curies":[{"name":"wp","href":"https:\/\/api.w.org\/{rel}","templated":true}]}}